{"id":1030,"date":"2019-03-14T23:15:41","date_gmt":"2019-03-14T23:15:41","guid":{"rendered":"http:\/\/lovecaresl.cluster026.hosting.ovh.net\/lovecare_shop\/?page_id=1030"},"modified":"2021-03-21T17:05:14","modified_gmt":"2021-03-21T17:05:14","slug":"masaz-shantala","status":"publish","type":"page","link":"https:\/\/www.lovecare.pl\/index.php\/masaz-shantala\/","title":{"rendered":"Masa\u017c Shantala"},"content":{"rendered":"<p>[vc_row][vc_column][vc_column_text]<\/p>\n<h4><strong>MASA\u017b SHANTALA<\/strong>,<\/h4>\n<p>to staro\u017cytna technika masa\u017cu niemowl\u0105t oraz dzieci, wprowadzona na europejski grunt przez francuskiego po\u0142o\u017cnika Frederique Leboyer. Wielk\u0105 popularno\u015bci\u0105 cieszy si\u0119 w USA i Kanadzie. Frederique Leboyer opisa\u0142 przekazywan\u0105 z pokolenia na pokolenie tradycyjn\u0105 indyjsk\u0105 technik\u0119 masa\u017cu. W jego tajniki wprowadzi\u0142a go krok po kroku Shantala, hinduska matka, kt\u00f3rej imieniem zosta\u0142a nazwana ta metoda na Zachodzie.<br \/>\nMasa\u017c dziecka to szczeg\u00f3lna forma dotyku, kt\u00f3ra opr\u00f3cz przyjemno\u015bci wynikaj\u0105cej z bliskiego kontaktu przynosi wiele korzy\u015bci zdrowotnych.[\/vc_column_text][vc_empty_space height=&#8221;3.5em&#8221;][vc_column_text]<\/p>\n<h4><strong><img loading=\"lazy\" decoding=\"async\" class=\"aligncenter wp-image-14902 size-large\" src=\"http:\/\/www.lovecare.pl\/wp-content\/uploads\/2021\/03\/IMG_5166-683x1024.jpg\" alt=\"\" width=\"683\" height=\"1024\" srcset=\"https:\/\/www.lovecare.pl\/wp-content\/uploads\/2021\/03\/IMG_5166-683x1024.jpg 683w, https:\/\/www.lovecare.pl\/wp-content\/uploads\/2021\/03\/IMG_5166-200x300.jpg 200w, https:\/\/www.lovecare.pl\/wp-content\/uploads\/2021\/03\/IMG_5166-768x1152.jpg 768w, https:\/\/www.lovecare.pl\/wp-content\/uploads\/2021\/03\/IMG_5166-1024x1536.jpg 1024w, https:\/\/www.lovecare.pl\/wp-content\/uploads\/2021\/03\/IMG_5166-600x900.jpg 600w, https:\/\/www.lovecare.pl\/wp-content\/uploads\/2021\/03\/IMG_5166.jpg 1365w\" sizes=\"auto, (max-width: 683px) 100vw, 683px\" \/><\/strong><\/h4>\n<h4><strong>Co daje regularne (3-4 razy w tygodniu) masowanie dziecka?<\/strong><\/h4>\n<p>[\/vc_column_text][vc_empty_space height=&#8221;12px&#8221;][vc_column_text]<\/p>\n<h4>Dla rodzica lub osoby wykonuj\u0105cej masa\u017c:<\/h4>\n<ul>\n<li>Poprawia pewno\u015b\u0107 siebie oraz wiar\u0119 w swoje.<\/li>\n<li>Wykonywanie masa\u017cu uspokaja i relaksuje.<\/li>\n<li>\u0141agodzi lub nawet zapobiega depresji poporodowej u matek.<\/li>\n<li>Wzmocnienie wi\u0119zi z dzieckiem.<\/li>\n<li>Pomaga w zrozumieniu dziecka, tego co sygnalizuje, komunikat\u00f3w jego cia\u0142a.<\/li>\n<li>Pozwala lepiej odpoczywa\u0107, gdy dziecko d\u0142u\u017cej \u015bpi po masa\u017cu.<\/li>\n<\/ul>\n<p>[\/vc_column_text][vc_empty_space height=&#8221;12px&#8221;][vc_column_text]<\/p>\n<h4>Dla dziecka lub niemowl\u0119cia:<\/h4>\n<ul>\n<li>Stymuluje prawid\u0142owy rozw\u00f3j psychofizyczny.<\/li>\n<li>Pomaga w uregulowaniu snu.<\/li>\n<li>Poprawia trawienie i zapobiega \u201ekolkom\u201d.<\/li>\n<li>Wycisza oraz uspokaja dziecko.<\/li>\n<li>Podnosi \u015bwiadomo\u015b\u0107 w\u0142asnego cia\u0142a i jego granic, wzmacniaj\u0105c tym samym poczucie bezpiecze\u0144stwa.<\/li>\n<li>Wzmacnia wi\u0119zi emocjonalne z rodzicami.<\/li>\n<li>Podnosi odporno\u015b\u0107 organizmu.<\/li>\n<\/ul>\n<p>[\/vc_column_text][vc_empty_space height=&#8221;3.5em&#8221;][vc_row_inner][vc_column_inner width=&#8221;1\/2&#8243;][vc_single_image image=&#8221;1036&#8243; img_size=&#8221;medium&#8221; alignment=&#8221;center&#8221;][\/vc_column_inner][vc_column_inner width=&#8221;1\/2&#8243;][vc_single_image image=&#8221;1035&#8243; img_size=&#8221;medium&#8221; alignment=&#8221;center&#8221;][\/vc_column_inner][\/vc_row_inner][vc_row_inner][vc_column_inner][vc_empty_space height=&#8221;4.5em&#8221;][vc_column_text]<\/p>\n<h4><strong>TERMINARZ:<\/strong><\/h4>\n<p>[\/vc_column_text][vc_empty_space height=&#8221;4.5em&#8221;][\/vc_column_inner][\/vc_row_inner][vc_column_text]<\/p>\n<h4 style=\"text-align: center;\"><strong><u>LoveCare organizuje WARSZTATY oraz KONSULTACJE INDYWIDUALNE z nauki\u00a0<\/u><\/strong><strong><u>masa\u017cu Shantala.<\/u><\/strong><\/h4>\n<p>[\/vc_column_text][\/vc_column][\/vc_row][vc_row][vc_column][vc_empty_space height=&#8221;4.5em&#8221;][vc_column_text]<\/p>\n<h4><strong>WARSZTATY<\/strong><\/h4>\n<p>organizowane s\u0105 w Warszawa (Wawer). Spotkania odbywaj\u0105 si\u0119 3 razy i trwaj\u0105 60 minut (ca\u0142y warsztat oko\u0142o 180 minut). Zaj\u0119cia dziel\u0105 si\u0119 na cz\u0119\u015b\u0107 teoretyczn\u0105 podstaw masa\u017cu dzieci\u0119cego oraz cz\u0119\u015b\u0107 praktyczn\u0105 nauki masa\u017cu Shantala. Grupy s\u0105 kameralne od 3 do 5 dzieci oferujemy lalki do \u0107wicze\u0144.[\/vc_column_text][vc_empty_space height=&#8221;4em&#8221;][vc_column_text]<\/p>\n<h4><strong>KONSULTACJE<\/strong><\/h4>\n<p><span style=\"color: #003300;\">odbywaj\u0105 si\u0119 w domu klienta lub w naszym lokalu w Wawrze tyle razy, ile potrzebuje tego rodzic. Proponowane minimum 3 spotkania po 60 minut. Zaj\u0119cia dziel\u0105 si\u0119 na cz\u0119\u015b\u0107 teoretyczn\u0105 podstaw masa\u017cu dzieci\u0119cego oraz cz\u0119\u015b\u0107 praktyczn\u0105 nauki masa\u017cu Shantala. Na pro\u015bb\u0119 mo\u017cemy zorganizowa\u0107 warsztat w domu klienta max 4 dzieci.<\/span>[\/vc_column_text][vc_empty_space height=&#8221;4em&#8221;][vc_column_text]<\/p>\n<h4><strong>NASI INSTRUKTORZY:<\/strong><\/h4>\n<p>[\/vc_column_text][vc_empty_space height=&#8221;20px&#8221;][\/vc_column][\/vc_row][vc_row][vc_column width=&#8221;1\/4&#8243;][vc_single_image image=&#8221;1042&#8243; img_size=&#8221;full&#8221; alignment=&#8221;center&#8221;][\/vc_column][vc_column width=&#8221;3\/4&#8243;][vc_column_text]<\/p>\n<h4><strong>Ewelina Dudek<\/strong><\/h4>\n<p>mgr po\u0142o\u017cna czynnie pracuj\u0105 w <strong>Warszawskim Szpitalu<\/strong> oraz <strong>wyk\u0142adowczyni w Szkole Rodzenia<\/strong>\u00a0<strong>LoveCare<\/strong>. Certyfikowany Doradca Laktacyjny (CDL), Edukator ds. laktacji i karmienia piersi\u0105. Instruktor Masa\u017cu Shantala, Doradca Noszenia Dzieci w Chustach i nosid\u0142ach mi\u0119kkich. Za\u0142o\u017cycielka LoveCare..[\/vc_column_text][\/vc_column][\/vc_row]<\/p>\n","protected":false},"excerpt":{"rendered":"<p>[vc_row][vc_column][vc_column_text] MASA\u017b SHANTALA, to staro\u017cytna technika masa\u017cu niemowl\u0105t oraz dzieci, wprowadzona na europejski grunt przez francuskiego po\u0142o\u017cnika Frederique Leboyer. Wielk\u0105 popularno\u015bci\u0105 cieszy si\u0119 w USA i Kanadzie. Frederique Leboyer opisa\u0142 przekazywan\u0105 z pokolenia na pokolenie tradycyjn\u0105 indyjsk\u0105 technik\u0119 masa\u017cu. W jego tajniki wprowadzi\u0142a go krok po kroku Shantala, hinduska matka, kt\u00f3rej imieniem zosta\u0142a nazwana ta [&hellip;]<\/p>\n","protected":false},"author":1,"featured_media":0,"parent":0,"menu_order":0,"comment_status":"closed","ping_status":"closed","template":"","meta":{"footnotes":""},"class_list":["post-1030","page","type-page","status-publish","hentry"],"_links":{"self":[{"href":"https:\/\/www.lovecare.pl\/index.php\/wp-json\/wp\/v2\/pages\/1030","targetHints":{"allow":["GET"]}}],"collection":[{"href":"https:\/\/www.lovecare.pl\/index.php\/wp-json\/wp\/v2\/pages"}],"about":[{"href":"https:\/\/www.lovecare.pl\/index.php\/wp-json\/wp\/v2\/types\/page"}],"author":[{"embeddable":true,"href":"https:\/\/www.lovecare.pl\/index.php\/wp-json\/wp\/v2\/users\/1"}],"replies":[{"embeddable":true,"href":"https:\/\/www.lovecare.pl\/index.php\/wp-json\/wp\/v2\/comments?post=1030"}],"version-history":[{"count":9,"href":"https:\/\/www.lovecare.pl\/index.php\/wp-json\/wp\/v2\/pages\/1030\/revisions"}],"predecessor-version":[{"id":14905,"href":"https:\/\/www.lovecare.pl\/index.php\/wp-json\/wp\/v2\/pages\/1030\/revisions\/14905"}],"wp:attachment":[{"href":"https:\/\/www.lovecare.pl\/index.php\/wp-json\/wp\/v2\/media?parent=1030"}],"curies":[{"name":"wp","href":"https:\/\/api.w.org\/{rel}","templated":true}]}}