{"id":1038,"date":"2019-03-21T16:40:09","date_gmt":"2019-03-21T16:40:09","guid":{"rendered":"http:\/\/lovecaresl.cluster026.hosting.ovh.net\/lovecare_shop\/?page_id=1038"},"modified":"2021-03-21T16:58:22","modified_gmt":"2021-03-21T16:58:22","slug":"chustowanie","status":"publish","type":"page","link":"https:\/\/www.lovecare.pl\/index.php\/chustowanie\/","title":{"rendered":"CHUSTOWANIE"},"content":{"rendered":"<p>[vc_row][vc_column][vc_empty_space][vc_column_text]<\/p>\n<h4 style=\"text-align: center;\"><strong>CHUSTOWANIE<\/strong>, czyli noszenie dzieci w chustach. To bardzo dobra metoda transportowania malucha, je\u017celi pod r\u0119k\u0105 nie mamy w\u00f3zka lub nasz szkrab ma gorszy dzie\u0144 i mocno tego dnia potrzebuje naszej blisko\u015bci. Dobrze dobrana i zawi\u0105zana chusta gwarantuje nam, \u017ce nasze dziecko jest w dobrej pozycji, a kr\u0119gos\u0142up osoby nosz\u0105cej jest jak najmniej obci\u0105\u017cony.<\/h4>\n<p>[\/vc_column_text][vc_empty_space height=&#8221;3.5em&#8221;][vc_column_text]<\/p>\n<h4><strong>PO CO NOSI\u0106?<\/strong>,<\/h4>\n<ul>\n<li>Bycie blisko matki jest podstawow\u0105 potrzeba niemowlaka.<\/li>\n<li>Z punktu widzenia fizjologii, cz\u0142owiek przychodzi na \u015bwiat niedojrza\u0142y.<\/li>\n<li>Opiekun zmniejsza dziecku nieprzyjemne bod\u017ace i ogranicza zwi\u0105zany z nim stres.<\/li>\n<li>Noszenie dziecka jest naturalnym gestem ludzkiego rodzica wobec swojego potomstwa.<\/li>\n<li>Wsparcie dla matek karmi\u0105cych, szczeg\u00f3lnie w pierwszych miesi\u0105cach.<\/li>\n<li>Chusta jest pomocna rodzicom pracuj\u0105cym poza domem. Dzieci po ca\u0142odziennej nieobecno\u015bci domagaj\u0105 si\u0119 blisko\u015bci z rodzicem.<\/li>\n<li>Podczas pobytu dziecka w szpitalu.<\/li>\n<li>Noszenie mo\u017ce by\u0107 bardzo po\u017c\u0105dane w przypadku adopcji.<\/li>\n<li>Rodzice niewidomi lub nies\u0142ysz\u0105cy nosz\u0105c dziecko blisko siebie, mog\u0105 \u0142atwiej odbiera\u0107 od niego sygna\u0142y ruchowe.<\/li>\n<li>Dla rodzic\u00f3w dzieci z niepe\u0142nosprawno\u015bci\u0105 lub maj\u0105cych specjalne potrzeby chusta mo\u017ce by\u0107 nieocenion\u0105 pomoc\u0105.<\/li>\n<li>Noszenie to darmowa gimnastyka, zw\u0142aszcza wi\u0105zanie na plecach, to dla niekt\u00f3rych rodzic\u00f3w spory wysi\u0142ek.<\/li>\n<\/ul>\n<p>[\/vc_column_text][vc_empty_space height=&#8221;3.5em&#8221;][vc_single_image image=&#8221;1041&#8243; img_size=&#8221;full&#8221; alignment=&#8221;center&#8221;][\/vc_column][vc_column][vc_empty_space height=&#8221;3.5em&#8221;][vc_column_text]<\/p>\n<h4><strong>TERMINARZ:<\/strong><\/h4>\n<p>[\/vc_column_text][vc_empty_space height=&#8221;3.5em&#8221;][vc_column_text]<\/p>\n<h4 style=\"text-align: center;\">LoveCare oferuje WARSZTATY i KONSULTACJE INDYWIDUALNE z nauki noszenia dzieci w chustach.<\/h4>\n<p>[\/vc_column_text][vc_empty_space height=&#8221;3.5em&#8221;][\/vc_column][vc_column][vc_column_text]<\/p>\n<h4><strong>KONSULTACJE,<\/strong><\/h4>\n<p>odbywaj\u0105 si\u0119 w domu klienta i trwaj\u0105 oko\u0142o 120 minut. Uczymy si\u0119 z regu\u0142y dw\u00f3ch wi\u0105za\u0144 oraz dopasowujemy chust\u0119 do dziecka i nosz\u0105cego. Podczas spotkania oferujemy chusty i lalki do \u0107wicze\u0144. Na pro\u015bb\u0119 mo\u017cemy zorganizowa\u0107 warsztat w domu klienta max 4 dzieci.[\/vc_column_text][vc_empty_space height=&#8221;4em&#8221;][vc_column_text]<\/p>\n<h4><strong>NASI DORADCY:<\/strong><\/h4>\n<p>[\/vc_column_text][vc_empty_space height=&#8221;1.2em&#8221;][\/vc_column][\/vc_row][vc_row][vc_column width=&#8221;1\/4&#8243;][vc_single_image image=&#8221;1042&#8243; img_size=&#8221;full&#8221; alignment=&#8221;center&#8221;][vc_empty_space height=&#8221;3em&#8221;][\/vc_column][vc_column width=&#8221;3\/4&#8243;][vc_column_text]<\/p>\n<h4><strong>Ewelina Dudek,<\/strong><\/h4>\n<p>mgr po\u0142o\u017cna czynnie pracuj\u0105 w <strong>Warszawskim Szpitalu<\/strong> oraz <strong>wyk\u0142adowczyni w Szkole Rodzenia<\/strong>\u00a0<strong>LoveCare<\/strong>. Certyfikowany Doradca Laktacyjny (CDL), Edukator ds. laktacji i karmienia piersi\u0105. Instruktor Masa\u017cu Shantala, Doradca Noszenia Dzieci w Chustach i nosid\u0142ach mi\u0119kkich. Za\u0142o\u017cycielka LoveCare.[\/vc_column_text][\/vc_column][\/vc_row]<\/p>\n","protected":false},"excerpt":{"rendered":"<p>[vc_row][vc_column][vc_empty_space][vc_column_text] CHUSTOWANIE, czyli noszenie dzieci w chustach. To bardzo dobra metoda transportowania malucha, je\u017celi pod r\u0119k\u0105 nie mamy w\u00f3zka lub nasz szkrab ma gorszy dzie\u0144 i mocno tego dnia potrzebuje naszej blisko\u015bci. Dobrze dobrana i zawi\u0105zana chusta gwarantuje nam, \u017ce nasze dziecko jest w dobrej pozycji, a kr\u0119gos\u0142up osoby nosz\u0105cej jest jak najmniej obci\u0105\u017cony. [\/vc_column_text][vc_empty_space [&hellip;]<\/p>\n","protected":false},"author":1,"featured_media":0,"parent":0,"menu_order":0,"comment_status":"closed","ping_status":"closed","template":"","meta":{"footnotes":""},"class_list":["post-1038","page","type-page","status-publish","hentry"],"_links":{"self":[{"href":"https:\/\/www.lovecare.pl\/index.php\/wp-json\/wp\/v2\/pages\/1038","targetHints":{"allow":["GET"]}}],"collection":[{"href":"https:\/\/www.lovecare.pl\/index.php\/wp-json\/wp\/v2\/pages"}],"about":[{"href":"https:\/\/www.lovecare.pl\/index.php\/wp-json\/wp\/v2\/types\/page"}],"author":[{"embeddable":true,"href":"https:\/\/www.lovecare.pl\/index.php\/wp-json\/wp\/v2\/users\/1"}],"replies":[{"embeddable":true,"href":"https:\/\/www.lovecare.pl\/index.php\/wp-json\/wp\/v2\/comments?post=1038"}],"version-history":[{"count":10,"href":"https:\/\/www.lovecare.pl\/index.php\/wp-json\/wp\/v2\/pages\/1038\/revisions"}],"predecessor-version":[{"id":14895,"href":"https:\/\/www.lovecare.pl\/index.php\/wp-json\/wp\/v2\/pages\/1038\/revisions\/14895"}],"wp:attachment":[{"href":"https:\/\/www.lovecare.pl\/index.php\/wp-json\/wp\/v2\/media?parent=1038"}],"curies":[{"name":"wp","href":"https:\/\/api.w.org\/{rel}","templated":true}]}}