{"id":1045,"date":"2019-03-21T16:55:14","date_gmt":"2019-03-21T16:55:14","guid":{"rendered":"http:\/\/lovecaresl.cluster026.hosting.ovh.net\/lovecare_shop\/?page_id=1045"},"modified":"2024-07-22T19:02:02","modified_gmt":"2024-07-22T19:02:02","slug":"szkola-rodzenia","status":"publish","type":"page","link":"https:\/\/www.lovecare.pl\/index.php\/szkola-rodzenia\/","title":{"rendered":"BEZP\u0141ATNA SZKO\u0141A RODZENIA"},"content":{"rendered":"\n<p><\/p>\n\n\n\n<p><\/p>\n\n\n<p>[vc_row][\/vc_row][vc_column_text]<\/p>\n<h4 style=\"text-align: center;\"><strong>SZKO\u0141A RODZENIA LoveCare<br \/>Szko\u0142a Rodzenia Akredytowana przy Szpitalu Specjalistycznym \u015aw. Zofii<\/strong><\/h4>\n<p style=\"text-align: center;\">ABC SZKO\u0141A RODZENIA &#8211; WARSZAWA (Mi\u0119dzylesie) ul. Cylichowska 93\u00a0<br \/>Bednarczyk Magdalena &amp; Dudek Ewelina\u00a0<\/p>\n<p style=\"text-align: center;\"><img loading=\"lazy\" decoding=\"async\" class=\"size-full wp-image-2971 aligncenter\" src=\"http:\/\/www.lovecare.pl\/wp-content\/uploads\/2020\/01\/Logo-szpital-zelazna-spolka-01.jpg\" alt=\"\" width=\"162\" height=\"162\" srcset=\"https:\/\/www.lovecare.pl\/wp-content\/uploads\/2020\/01\/Logo-szpital-zelazna-spolka-01.jpg 162w, https:\/\/www.lovecare.pl\/wp-content\/uploads\/2020\/01\/Logo-szpital-zelazna-spolka-01-150x150.jpg 150w, https:\/\/www.lovecare.pl\/wp-content\/uploads\/2020\/01\/Logo-szpital-zelazna-spolka-01-100x100.jpg 100w\" sizes=\"auto, (max-width: 162px) 100vw, 162px\" \/><br \/><em><span style=\"color: #ff0000;\"><strong>ZAJ\u0118CIA PROWADZONE S\u0104 STACJONARNIE<\/strong><\/span><\/em><\/p>\n<p>Zaj\u0119cia w kameralnych grupach prowadzone przez Po\u0142o\u017cne, Fizjoterapeut\u0119 oraz Psychologa dla m\u0142odych rodzic\u00f3w chc\u0105cych si\u0119 przygotowa\u0107 do porodu oraz rodzicielstwa. Spotkania organizowane s\u0105 w dw\u00f3ch modu\u0142ach. [\/vc_column_text][vc_empty_space height=&#8221;3.5em&#8221;][vc_column][vc_column_text][\/vc_column_text][\/vc_column][vc_column_text]<\/p>\n<h4 style=\"text-align: left;\"><strong><img loading=\"lazy\" decoding=\"async\" class=\"size-medium wp-image-20288 aligncenter\" src=\"http:\/\/www.lovecare.pl\/wp-content\/uploads\/2024\/07\/Warszawa-znak-RGB-kolorowy-podstawowy-300x175.jpg\" alt=\"\" width=\"300\" height=\"175\" srcset=\"https:\/\/www.lovecare.pl\/wp-content\/uploads\/2024\/07\/Warszawa-znak-RGB-kolorowy-podstawowy-300x175.jpg 300w, https:\/\/www.lovecare.pl\/wp-content\/uploads\/2024\/07\/Warszawa-znak-RGB-kolorowy-podstawowy-1024x597.jpg 1024w, https:\/\/www.lovecare.pl\/wp-content\/uploads\/2024\/07\/Warszawa-znak-RGB-kolorowy-podstawowy-768x448.jpg 768w, https:\/\/www.lovecare.pl\/wp-content\/uploads\/2024\/07\/Warszawa-znak-RGB-kolorowy-podstawowy-600x350.jpg 600w, https:\/\/www.lovecare.pl\/wp-content\/uploads\/2024\/07\/Warszawa-znak-RGB-kolorowy-podstawowy.jpg 1080w\" sizes=\"auto, (max-width: 300px) 100vw, 300px\" \/><\/strong><\/h4>\n<h4 style=\"text-align: left;\"><strong>Zaj\u0119cia TYGODNIOWE BEZP\u0141ATNE FINANSOWANE ZE \u015aRODK\u00d3W M. ST. WARSZAWY dla os\u00f3b:<\/strong><\/h4>\n<ul>\n<li>zameldowanych na\u00a0pobyt sta\u0142y lub czasowy\u00a0 w\u00a0 Warszawie,<\/li>\n<li>rozliczaj\u0105cych podatek dochodowy dla os\u00f3b fizycznych w urz\u0119dzie skarbowym na terenie m. st. Warszawy i jednocze\u015bnie mieszkaj\u0105cych na terenie Warszawy,\u00a0<\/li>\n<li>posiadaj\u0105cych za\u015bwiadczenie o\u00a0pobycie w\u00a0domu dla matek z\u00a0ma\u0142oletnimi dzie\u0107mi i\u00a0kobiet w\u00a0ci\u0105\u017cy lub w\u00a0innej plac\u00f3wce opieku\u0144czej na\u00a0terenie m. st. Warszawy lub takiej, z\u00a0kt\u00f3r\u0105 m. st. Warszawa ma podpisan\u0105 w\u0142a\u015bciw\u0105 umow\u0119.<\/li>\n<\/ul>\n<p>Zapraszamy pary do rozpocz\u0119cia zaj\u0119\u0107 najwcze\u015bniej od 24 tygodnia ci\u0105\u017cy, ale nie p\u00f3\u017aniej ni\u017c miesi\u0105c przed terminem porodu.\u00a0<\/p>\n<p>[\/vc_column_text][vc_empty_space height=&#8221;40px&#8221;][vc_column_text]<\/p>\n<p>\u00a0<\/p>\n<ul>\n<li style=\"list-style-type: none; text-align: center;\">\u00a0<\/li>\n<li style=\"list-style-type: none; text-align: center;\">\n<p>\u00a0<\/p>\n<\/li>\n<\/ul>\n<h4><strong><img loading=\"lazy\" decoding=\"async\" class=\"aligncenter wp-image-5144 size-large\" src=\"http:\/\/www.lovecare.pl\/wp-content\/uploads\/2020\/05\/IMG_1338-1024x768.jpeg\" alt=\"\" width=\"1024\" height=\"768\" srcset=\"https:\/\/www.lovecare.pl\/wp-content\/uploads\/2020\/05\/IMG_1338-1024x768.jpeg 1024w, https:\/\/www.lovecare.pl\/wp-content\/uploads\/2020\/05\/IMG_1338-300x225.jpeg 300w, https:\/\/www.lovecare.pl\/wp-content\/uploads\/2020\/05\/IMG_1338-768x576.jpeg 768w, https:\/\/www.lovecare.pl\/wp-content\/uploads\/2020\/05\/IMG_1338-1536x1152.jpeg 1536w, https:\/\/www.lovecare.pl\/wp-content\/uploads\/2020\/05\/IMG_1338-2048x1536.jpeg 2048w, https:\/\/www.lovecare.pl\/wp-content\/uploads\/2020\/05\/IMG_1338-600x450.jpeg 600w\" sizes=\"auto, (max-width: 1024px) 100vw, 1024px\" \/><\/strong><\/h4>\n<h4>\u00a0<\/h4>\n<h4><strong>Terminarz<\/strong>:<\/h4>\n<div>\n<ul>\n<li>04.09.2024 &#8211; 18.09.2024<\/li>\n<\/ul>\n<\/div>\n<p>[\/vc_column_text][vc_empty_space height=&#8221;40px&#8221;][vc_empty_space height=&#8221;40px&#8221;][vc_column_text]<\/p>\n<h2><strong>Tygodniowa Szko\u0142a Rodzenia<\/strong><\/h2>\n<h4>Czas trwania: 3 tygodnie (5 spotka\u0144 &#8211; 15 h)<br \/>Spotkania: \u015broda i czwartek w tygodniu w godzinach 18:00 &#8211; 21:00\u00a0<\/h4>\n<p style=\"text-align: center;\">\u00a0<\/p>\n<p>[\/vc_column_text][vc_empty_space height=&#8221;40px&#8221;][vc_column_text]<\/p>\n<h4><strong>Zaj\u0119cia poruszaj\u0105 tematyk\u0119<\/strong>:<\/h4>\n<ol>\n<li>Zapoznanie<\/li>\n<li>Zmiany zachodz\u0105ce w ci\u0105\u017cy<\/li>\n<li>Przygotowanie do porodu psychiczne oraz emocjonalne<\/li>\n<li>Pakowanie torby<\/li>\n<li>Prawa pacjenta<\/li>\n<li>Przygotowanie dokument\u00f3w do porodu<\/li>\n<li>Olejki eteryczne &#8211; ci\u0105\u017ca, por\u00f3d, po\u0142\u00f3g, piel\u0119gnacja dziecka<\/li>\n<li>Ci\u0119cie cesarskie (wskazanie, przebieg, rodzaje znieczulenia, kontakt sk\u00f3ra do sk\u00f3ry)<\/li>\n<li>Por\u00f3d si\u0142ami natury (mechanizm porodu, okresy porodu, pozycje porodowe, zwalczanie b\u00f3lu porodowego, kontakt sk\u00f3ra do sk\u00f3ry)<\/li>\n<li>Wsparcie rodziny i bliskich po porodzie<\/li>\n<li>Stany depresyjne po porodzie<\/li>\n<li>\u00a0Mi\u0119\u015bnie dna miednicy<\/li>\n<li>\u00a0Korzy\u015bci p\u0142yn\u0105ce z karmienia piersi\u0105<\/li>\n<li>\u00a0Podstawy fizjiologii<\/li>\n<li>\u00a0Zasady karmienia<\/li>\n<li>\u00a0Wska\u017aniki skutecznego karmienia<\/li>\n<li>\u00a0Problemy laktacyjne<\/li>\n<li>\u00a0\u017bywienie kobiet podczas karmienia piersi\u0105<\/li>\n<li>\u00a0Farmakoterapia<\/li>\n<li>Fizjologia dziecka<\/li>\n<li>Piel\u0119gnacja dziecka<\/li>\n<li>Chustowanie i masa\u017c Shantala<\/li>\n<\/ol>\n<p>[\/vc_column_text][vc_column_text]<\/p>\n<h4>\u00a0<\/h4>\n<h4><strong><img loading=\"lazy\" decoding=\"async\" class=\"wp-image-5145 size-large aligncenter\" src=\"http:\/\/www.lovecare.pl\/wp-content\/uploads\/2020\/05\/IMG_1348-1024x274.jpeg\" alt=\"\" width=\"1024\" height=\"274\" srcset=\"https:\/\/www.lovecare.pl\/wp-content\/uploads\/2020\/05\/IMG_1348-1024x274.jpeg 1024w, https:\/\/www.lovecare.pl\/wp-content\/uploads\/2020\/05\/IMG_1348-300x80.jpeg 300w, https:\/\/www.lovecare.pl\/wp-content\/uploads\/2020\/05\/IMG_1348-768x205.jpeg 768w, https:\/\/www.lovecare.pl\/wp-content\/uploads\/2020\/05\/IMG_1348-1536x410.jpeg 1536w, https:\/\/www.lovecare.pl\/wp-content\/uploads\/2020\/05\/IMG_1348-2048x547.jpeg 2048w, https:\/\/www.lovecare.pl\/wp-content\/uploads\/2020\/05\/IMG_1348-600x160.jpeg 600w\" sizes=\"auto, (max-width: 1024px) 100vw, 1024px\" \/><\/strong><\/h4>\n<h4><strong>NASI WYK\u0141ADOWCY:<\/strong><\/h4>\n<p><strong>Ewelina Dudek<\/strong><br \/>mgr po\u0142o\u017cna, Certyfikowany Doradca Laktacyjny,<br \/>Edukator ds. laktacji i karmienia piersi\u0105,<br \/>Instruktor Masa\u017cu Shantala,<br \/>Doradca Noszenia Dzieci w chustach<\/p>\n<p><strong>Magdalena Bednarczyk<br \/><\/strong>Neurologopeda, terapeuta wczesnej interwencji, <br \/>Certyfikowany Doradca Laktacyjny\u00a0<\/p>\n<p><strong>Magda Bobczuk<\/strong><br \/>mgr po\u0142o\u017cna, Certyfikowany Doradca Laktacyjny<\/p>\n<p><strong>Magdalena Kasprowicz<\/strong><br \/>mgr psychologii<\/p>","protected":false},"excerpt":{"rendered":"<p>[vc_row][\/vc_row][vc_column_text] SZKO\u0141A RODZENIA LoveCareSzko\u0142a Rodzenia Akredytowana przy Szpitalu Specjalistycznym \u015aw. Zofii ABC SZKO\u0141A RODZENIA &#8211; WARSZAWA (Mi\u0119dzylesie) ul. Cylichowska 93\u00a0Bednarczyk Magdalena &amp; Dudek Ewelina\u00a0 ZAJ\u0118CIA PROWADZONE S\u0104 STACJONARNIE Zaj\u0119cia w kameralnych grupach prowadzone przez Po\u0142o\u017cne, Fizjoterapeut\u0119 oraz Psychologa dla m\u0142odych rodzic\u00f3w chc\u0105cych si\u0119 przygotowa\u0107 do porodu oraz rodzicielstwa. Spotkania organizowane s\u0105 w dw\u00f3ch modu\u0142ach. [\/vc_column_text][vc_empty_space [&hellip;]<\/p>\n","protected":false},"author":1,"featured_media":0,"parent":0,"menu_order":0,"comment_status":"closed","ping_status":"closed","template":"","meta":{"footnotes":""},"class_list":["post-1045","page","type-page","status-publish","hentry"],"_links":{"self":[{"href":"https:\/\/www.lovecare.pl\/index.php\/wp-json\/wp\/v2\/pages\/1045","targetHints":{"allow":["GET"]}}],"collection":[{"href":"https:\/\/www.lovecare.pl\/index.php\/wp-json\/wp\/v2\/pages"}],"about":[{"href":"https:\/\/www.lovecare.pl\/index.php\/wp-json\/wp\/v2\/types\/page"}],"author":[{"embeddable":true,"href":"https:\/\/www.lovecare.pl\/index.php\/wp-json\/wp\/v2\/users\/1"}],"replies":[{"embeddable":true,"href":"https:\/\/www.lovecare.pl\/index.php\/wp-json\/wp\/v2\/comments?post=1045"}],"version-history":[{"count":78,"href":"https:\/\/www.lovecare.pl\/index.php\/wp-json\/wp\/v2\/pages\/1045\/revisions"}],"predecessor-version":[{"id":20290,"href":"https:\/\/www.lovecare.pl\/index.php\/wp-json\/wp\/v2\/pages\/1045\/revisions\/20290"}],"wp:attachment":[{"href":"https:\/\/www.lovecare.pl\/index.php\/wp-json\/wp\/v2\/media?parent=1045"}],"curies":[{"name":"wp","href":"https:\/\/api.w.org\/{rel}","templated":true}]}}