{"id":1226,"date":"2019-05-19T22:43:12","date_gmt":"2019-05-19T22:43:12","guid":{"rendered":"http:\/\/lovecaresl.cluster026.hosting.ovh.net\/lovecare_shop\/?page_id=1226"},"modified":"2019-05-19T22:43:13","modified_gmt":"2019-05-19T22:43:13","slug":"regulamin","status":"publish","type":"page","link":"https:\/\/www.lovecare.pl\/index.php\/regulamin\/","title":{"rendered":"Regulamin"},"content":{"rendered":"\n<p><strong>Regulamin konta<\/strong><\/p>\n\n\n\n<p><strong>Regulamin konta w sklepie LoveCare<\/strong><\/p>\n\n\n\n<p>SPIS\nTRE\u015aCI<\/p>\n\n\n\n<p>\u00a7 1 Definicje<\/p>\n\n\n\n<p>\u00a7 2\nKontakt ze Sprzedawc\u0105<\/p>\n\n\n\n<p>\u00a7 3\nWymogi techniczne<\/p>\n\n\n\n<p>\u00a7 4\nKonto<\/p>\n\n\n\n<p>\u00a7 5\nReklamacje<\/p>\n\n\n\n<p>\u00a7 6\nDane osobowe <\/p>\n\n\n\n<p>\u00a7 7\nZastrze\u017cenia<\/p>\n\n\n\n<p>\u00a7 1\nDEFINICJE<\/p>\n\n\n\n<p>Konto \u2013\nuregulowana w niniejszym regulaminie nieodp\u0142atna funkcja Sklepu (us\u0142uga),\ndzi\u0119ki kt\u00f3rej Kupuj\u0105cy mo\u017ce za\u0142o\u017cy\u0107 w Sklepie swoje indywidualne Konto.<\/p>\n\n\n\n<p>Kupuj\u0105cy\n&#8211; ka\u017cdy podmiot Kupuj\u0105cy w Sklepie. <\/p>\n\n\n\n<p>Sklep \u2013\nsklep internetowy LoveCare <\/p>\n\n\n\n<p>Sprzedawca\n&#8211; przedsi\u0119biorca prowadz\u0105cy dzia\u0142alno\u015b\u0107 gospodarcz\u0105 pod nazw\u0105 LoveCare Ewelina\nDudek, wpisany do Centralnej Ewidencji i Informacji o Dzia\u0142alno\u015bci Gospodarczej\nprowadzonej przez ministra w\u0142a\u015bciwego do spraw gospodarki i prowadzenia\nCentralnej Ewidencji i Informacji o Dzia\u0142alno\u015bci Gospodarczej, NIP 5322075503,\nnr REGON 369281622, ul. Pr\u0105dzy\u0144skiego 5, 05-480 Karczew.<\/p>\n\n\n\n<p>\u00a7 2\nKONTAKT ZE SPRZEDAWC\u0104<\/p>\n\n\n\n<p>Adres\npocztowy: ul. Pr\u0105dzy\u0144skiego 5, 05-480 Karczew<\/p>\n\n\n\n<p>Adres\ne-mail: <a href=\"mailto:lovecare.ewelina@gmail.com\">lovecare.ewelina@gmail.com<\/a> <\/p>\n\n\n\n<p>Telefon:\n509&nbsp;102&nbsp;914 <\/p>\n\n\n\n<p>\u00a7 3\nWYMOGI TECHNICZNE<\/p>\n\n\n\n<p>Do\nkorzystania ze Sklepu, w tym przegl\u0105dania asortymentu Sklepu oraz sk\u0142adania\nzam\u00f3wie\u0144 na Towary, Klient musi spe\u0142ni\u0107 nast\u0119puj\u0105ce minimalne wymagania\ntechniczne: urz\u0105dzenie ko\u0144cowe z dost\u0119pem do sieci Internet i&nbsp; zainstalowana i zaktualizowana wersja\nprzegl\u0105darki internetowej Microsoft Edge, Chrome, Firefox, Opera lub nowsza\nSafari z zainstalowanymi w\u0142\u0105czon\u0105 obs\u0142ug\u0105 JavaScript, na ekranach o\nrozdzielczo\u015bci ekranu powy\u017cej 1024 pikseli szeroko\u015bci aktywne konto poczty\nelektronicznej (e-mail), w\u0142\u0105czona obs\u0142uga plik\u00f3w cookies,,<\/p>\n\n\n\n<p>U\u017cywanie\noprogramowania os\u00f3b trzecich maj\u0105cych wp\u0142yw na funkcjonowanie i funkcjonalno\u015b\u0107\nprzegl\u0105darek: Internet Explorer, FireFox, Opera, Chrome, Safari mo\u017ce mie\u0107 wp\u0142yw\nna poprawne wy\u015bwietlanie Sklepu Internetowego, dlatego w celu uzyskania pe\u0142nej\nfunkcjonalno\u015bci sklepu Sklepu Internetowego, nale\u017cy je wy\u0142\u0105czy\u0107.<\/p>\n\n\n\n<p>\u00a7 4\nKONTO<\/p>\n\n\n\n<p>Za\u0142o\u017cenie\nKonta jest ca\u0142kowicie dobrowolne i zale\u017cne od woli Kupuj\u0105cego.<\/p>\n\n\n\n<p>Konto\ndaje Kupuj\u0105cemu dodatkowe mo\u017cliwo\u015bci, takie jak: przegl\u0105danie historii zam\u00f3wie\u0144\nz\u0142o\u017conych przez Kupuj\u0105cego w Sklepie, sprawdzenie statusu zam\u00f3wienia czy samodzielna\nedycja danych Kupuj\u0105cego.<\/p>\n\n\n\n<p>W celu\nza\u0142o\u017cenia Konta nale\u017cy wype\u0142ni\u0107 stosowny formularz w Sklepie.<\/p>\n\n\n\n<p>W\nmomencie za\u0142o\u017cenia Konta zawierana jest na czas nieokre\u015blony pomi\u0119dzy Kupuj\u0105cym\na Sprzedawc\u0105 umowa w zakresie prowadzenia Konta na zasadach wskazanych w\nRegulaminie.<\/p>\n\n\n\n<p>Kupuj\u0105cy\nmo\u017ce bez ponoszenia jakichkolwiek koszt\u00f3w w ka\u017cdym czasie zrezygnowa\u0107 z Konta.<\/p>\n\n\n\n<p>W celu\ndokonania rezygnacji z Konta nale\u017cy wys\u0142a\u0107 swoj\u0105 rezygnacj\u0119 do Sprzedawcy na\nadres e-mail: sklep@eotton.pl, czego skutkiem b\u0119dzie niezw\u0142oczne usuni\u0119cie\nKonta oraz rozwi\u0105zanie umowy w zakresie prowadzenia Konta.<\/p>\n\n\n\n<p>\u00a7 5\nREKLAMACJE<\/p>\n\n\n\n<p>Reklamacje\ndotycz\u0105ce funkcjonowania Konta nale\u017cy kierowa\u0107 na adres e-mail lovecare.ewelin.pl.<\/p>\n\n\n\n<p>Rozpatrzenie\nreklamacji przez Sprzedawc\u0119 nast\u0105pi w terminie do 14 dni. <\/p>\n\n\n\n<p>POZAS\u0104DOWE\nSPOSOBY ROZPATRYWANIA REKLAMACJI I DOCHODZENIA ROSZCZE\u0143<\/p>\n\n\n\n<p>W\nprzypadku gdy post\u0119powanie reklamacyjne nie przyniesie oczekiwanego przez\nKonsumenta rezultatu Konsument mo\u017ce skorzysta\u0107 m.in. z:<\/p>\n\n\n\n<p>Mediacji\nprowadzonej przez w\u0142a\u015bciwy terenowo Wojew\u00f3dzki Inspektorat Inspekcji Handlowej,\ndo kt\u00f3rego nale\u017cy si\u0119 zwr\u00f3ci\u0107 z wnioskiem o mediacj\u0119. Co do zasady post\u0119powanie\njest bezp\u0142atne. Wykaz Inspektorat\u00f3w znajduje si\u0119 tutaj:\nhttps:\/\/www.uokik.gov.pl\/wazne_adresy.php#faq595.<\/p>\n\n\n\n<p>Pomocy\nw\u0142a\u015bciwego terenowo sta\u0142ego polubownego s\u0105du konsumenckiego dzia\u0142aj\u0105cego przy\nWojew\u00f3dzkim Inspektoracie Inspekcji Handlowej, do kt\u00f3rego nale\u017cy z\u0142o\u017cy\u0107 wniosek\no rozpatrzenie sprawy przed s\u0105dem polubownym. Co do zasady post\u0119powanie jest\nbezp\u0142atne. Wykaz s\u0105d\u00f3w dost\u0119pny jest pod adresem:\nhttps:\/\/www.uokik.gov.pl\/wazne_adresy.php#faq596.<\/p>\n\n\n\n<p>Internetowej\nplatformy ODR dost\u0119pnej pod adresem: http:\/\/ec.europa.eu\/consumers\/odr\/.<\/p>\n\n\n\n<p>\u00a7 6\nDANE OSOBOWE<\/p>\n\n\n\n<p>Administratorem\ndanych osobowych przekazanych przez Kupuj\u0105cego podczas korzystania ze Sklepu\njest Sprzedawca.<\/p>\n\n\n\n<p>Dane\nosobowe Kupuj\u0105cego przetwarzane s\u0105 na podstawie umowy i w celu jej realizacji,\nzgodnie z zasadami okre\u015blonymi w og\u00f3lnym rozporz\u0105dzeniu Parlamentu\nEuropejskiego i Rady (EU) o ochronie danych (RODO). Szczeg\u00f3\u0142owe informacje\ndotycz\u0105ce przetwarzania danych przez Sprzedawc\u0119 zawiera polityka prywatno\u015bci\nzamieszczona w Sklepie.<\/p>\n\n\n\n<p>\u00a7 7\nZASTRZE\u017bENIA<\/p>\n\n\n\n<p>Zakazane\njest dostarczanie przez Kupuj\u0105cego tre\u015bci o charakterze bezprawnym.<\/p>\n\n\n\n<p>Umowa w\nzakresie prowadzenia Konta zawierana jest w j\u0119zyku polskim.<\/p>\n\n\n\n<p>W\nprzypadku zaistnienia wa\u017cnych przyczyn, o kt\u00f3rych mowa w ust. 4, Sprzedawca ma\nprawo do zmiany niniejszego regulaminu Konta.<\/p>\n\n\n\n<p>Wa\u017cnymi\nprzyczynami, o kt\u00f3rych mowa w ust. 3 s\u0105:<\/p>\n\n\n\n<p>konieczno\u015b\u0107\ndostosowania Sklepu do przepis\u00f3w prawa maj\u0105cych zastosowanie do dzia\u0142alno\u015bci Sklepu<\/p>\n\n\n\n<p>poprawa\nbezpiecze\u0144stwa \u015bwiadczonej us\u0142ugi<\/p>\n\n\n\n<p>zmiana\nfunkcjonalno\u015bci Konta wymagaj\u0105ca modyfikacji regulaminu Konta.<\/p>\n\n\n\n<p>Kupuj\u0105cy\nzostanie poinformowany o planowanej zmianie regulaminu Konta co najmniej na 7\ndni przed wprowadzeniem zmiany w \u017cycie za po\u015brednictwem wiadomo\u015bci e-mail\nwys\u0142anej na przypisany do Konta adres.<\/p>\n\n\n\n<p>W\nprzypadku gdy Kupuj\u0105cy nie wyrazi akceptacji dla planowanej zmiany, powinien\npoinformowa\u0107 o tym Sprzedawc\u0119 poprzez wys\u0142anie odpowiedniej wiadomo\u015bci na adres\ne-mail Sprzedawcy sklep@eotton.pl, czego skutkiem b\u0119dzie rozwi\u0105zanie umowy w\nzakresie prowadzenia Konta z chwil\u0105 wej\u015bcia w \u017cycie planowanej zmiany lub\nwcze\u015bniej, je\u015bli Kupuj\u0105cy zg\u0142osi takie \u017c\u0105danie.<\/p>\n\n\n\n<p>W\nsytuacji gdy Kupuj\u0105cy nie wyrazi sprzeciwu dla planowanej zmiany do chwili\nwej\u015bcia jej w \u017cycie przyjmuje si\u0119, \u017ce akceptuje j\u0105, co nie stanowi \u017cadnej\nprzeszkody do rozwi\u0105zania umowy w przysz\u0142o\u015bci.<\/p>\n\n\n\n<p>W\nprzypadku ewentualnego sporu z Kupuj\u0105cym nie b\u0119d\u0105cym Konsumentem s\u0105dem\nw\u0142a\u015bciwym b\u0119dzie s\u0105d w\u0142a\u015bciwy dla siedziby Sprzedawcy.<\/p>\n\n\n\n<p>\u017badne z\npostanowie\u0144 niniejszego regulaminu nie wy\u0142\u0105cza lub w \u017cadnym stopniu nie\nogranicza uprawnie\u0144 Konsumenta wynikaj\u0105cych z przepis\u00f3w prawa.<\/p>\n\n\n\n<p><strong>Zwroty i reklamacje<\/strong><\/p>\n\n\n\n<p><strong>Odst\u0105pienie od umowy<\/strong><\/p>\n\n\n\n<p>Je\u015bli\njeste\u015b konsumentem &#8211; co do zasady przys\u0142uguje Ci prawo do odst\u0105pienia od\nzawartej na odleg\u0142o\u015b\u0107 umowy.<br>\nOd umowy mo\u017cesz odst\u0105pi\u0107, sk\u0142adaj\u0105c nam o\u015bwiadczenie o odst\u0105pieniu od umowy np.\npoprzez wiadomo\u015b\u0107 e-mail przes\u0142an\u0105 na adres: <a href=\"mailto:lovecare.ewelina@gmail.com\">lovecare.ewelina@gmail.com<\/a> <br>\nZwracan\u0105 rzecz zwr\u00f3\u0107 do nas niezw\u0142ocznie na adres: ul. Pr\u0105dzy\u0144skiego 5, 05-480\nKarczew , jednak nie p\u00f3\u017aniej ni\u017c w terminie 14 dni od dnia, w kt\u00f3rym odst\u0105pi\u0142e\u015b\nod umowy.<br>\nOd umowy mo\u017cesz odst\u0105pi\u0107 w terminie 14 dni.<br>\nBieg czternastodniowego terminu na odst\u0105pienie od umowy rozpoczyna si\u0119:<\/p>\n\n\n\n<p>dla\numowy, w kt\u00f3rej wydajemy rzecz, b\u0119d\u0105c zobowi\u0105zanymi do przeniesienia jej\nw\u0142asno\u015bci &#8211; od obj\u0119cia rzeczy w posiadanie przez Ciebie lub wskazan\u0105 przez\nCiebie osob\u0119 trzeci\u0105 inn\u0105 ni\u017c przewo\u017anik,<br>\ndla tre\u015bci cyfrowych &#8211; od dnia zawarcia umowy.<br>\nDo zachowania terminu wystarczy wys\u0142anie o\u015bwiadczenia przed jego up\u0142ywem.<br>\nDokonane przez Ciebie p\u0142atno\u015bci, bez koszt\u00f3w dostarczenia rzeczy (tj. koszt\nwysy\u0142ki) na zasadach wskazanych w regulaminie zwr\u00f3cimy Ci niezw\u0142ocznie, jednak\nnie p\u00f3\u017aniej ni\u017c w terminie 14 dni od dnia otrzymania od Ciebie o\u015bwiadczenia o\nodst\u0105pieniu od umowy.<br>\nMo\u017cemy wstrzyma\u0107 si\u0119 ze zwrotem otrzymanej od Ciebie p\u0142atno\u015bci do chwili\notrzymania rzeczy z powrotem lub dostarczenia przez Ciebie dowodu jej\nodes\u0142ania, w zale\u017cno\u015bci od tego, kt\u00f3re zdarzenie nast\u0105pi wcze\u015bniej.<\/p>\n\n\n\n<p>Pami\u0119taj,\n\u017ce prawo odst\u0105pienia od umowy zawartej na odleg\u0142o\u015b\u0107 nie przys\u0142uguje\nkonsumentowi m.in. w odniesieniu do umowy:<br>\nw kt\u00f3rej przedmiotem \u015bwiadczenia jest rzecz nieprefabrykowana, wyprodukowana\nwed\u0142ug specyfikacji konsumenta lub s\u0142u\u017c\u0105ca zaspokojeniu jego\nzindywidualizowanych potrzeb,<br>\nw kt\u00f3rej przedmiotem \u015bwiadczenia jest rzecz ulegaj\u0105ca szybkiemu zepsuciu lub\nmaj\u0105ca kr\u00f3tki termin przydatno\u015bci do u\u017cycia, w kt\u00f3rej przedmiotem \u015bwiadczenia\njest rzecz dostarczana w zapiecz\u0119towanym opakowaniu, kt\u00f3rej po otwarciu\nopakowania nie mo\u017cna zwr\u00f3ci\u0107 ze wzgl\u0119du na ochron\u0119 zdrowia lub ze wzgl\u0119d\u00f3w\nhigienicznych, je\u017celi opakowanie zosta\u0142o otwarte po dostarczeniu, w kt\u00f3rej\nprzedmiotem \u015bwiadczenia s\u0105 nagrania d\u017awi\u0119kowe lub wizualne albo programy\nkomputerowe dostarczane w zapiecz\u0119towanym opakowaniu, je\u017celi opakowanie zosta\u0142o\notwarte po dostarczeniu <br>\no dostarczanie tre\u015bci cyfrowych, kt\u00f3re nie s\u0105 zapisane na no\u015bniku materialnym,\nje\u017celi spe\u0142nianie \u015bwiadczenia rozpocz\u0119\u0142o si\u0119 za wyra\u017an\u0105 zgod\u0105 konsumenta przed\nup\u0142ywem terminu do odst\u0105pienia od umowy i po poinformowaniu go przez\nprzedsi\u0119biorc\u0119 o utracie prawa odst\u0105pienia od umowy.<\/p>\n\n\n\n<p>Szczeg\u00f3\u0142owe\ninformacje na temat odst\u0105pienia od umowy znajdziesz w naszym Regulaminie\nsprzeda\u017cy.<br>\n<br>\n<strong>Niekt\u00f3re produkty oferowane w sklepie\ns\u0105 tworzone r\u0119cznie. Ka\u017cdy produkt jest unikalny i niepowtarzalny. St\u0105d\nmo\u017cliwo\u015b\u0107 wyst\u0119powania delikatnych r\u00f3\u017cnic w fakturze splot\u00f3w mi\u0119dzy produktami\nwynikaj\u0105cymi z ich r\u0119cznej produkcji. Z uwagi na wykorzystywany rodzaj\nmateria\u0142u, produkt mo\u017ce si\u0119 nieznacznie rozci\u0105gn\u0105\u0107, poniewa\u017c stosowana w\nprodukcji we\u0142na charakteryzuje si\u0119 pewn\u0105 elastyczno\u015bci\u0105.<\/strong><\/p>\n\n\n\n<p>Klient\nprzed odebraniem przesy\u0142ki zobowi\u0105zany jest sprawdzi\u0107, czy opakowanie nie\nuleg\u0142o uszkodzeniu w transporcie. W przypadku, gdy opakowanie przesy\u0142ki nosi\nznamiona uszkodzenia zaleca si\u0119 nie przyjmowa\u0107 przesy\u0142ki i sporz\u0105dzi\u0107 protok\u00f3\u0142\nszkody oraz skontaktowa\u0107 si\u0119 jak najszybciej ze Sklepem w celu wyja\u015bnienia\nsprawy.<\/p>\n\n\n\n<p>W\nprzypadkach zwrotu uszkodzonego towaru lub dostarczenia do Sklepu towaru\nniepe\u0142nowarto\u015bciowego lub zmienionego, Sklep ma prawo potr\u0105ci\u0107 kwot\u0119 w cz\u0119\u015bci\nlub w ca\u0142o\u015bci za obni\u017cenie warto\u015bci towaru. Poziom potr\u0105cenia kwoty za towar\nzale\u017ce\u0107 b\u0119dzie od stopnia zmiany, uszkodzenia czy jego zniszczenia.<\/p>\n\n\n\n<p><strong>Reklamacje<\/strong><\/p>\n\n\n\n<p>Je\u015bli\njeste\u015b Konsumentem, w przypadku gdy zakupiony u nas towar oka\u017ce si\u0119 wadliwy,\nmasz prawo reklamowa\u0107 go w oparciu o r\u0119kojmi\u0119. Reklamacj\u0119 najlepiej z\u0142o\u017cy\u0107 na\nadres e-mail: sklep@eotton.pl lub drog\u0105 pocztow\u0105 na adres ul. Pr\u0105dzy\u0144skiego 5,\n05-480 Karczew .<br>\nReklamowany towar nale\u017cy wys\u0142a\u0107 na adres: ul. Pr\u0105dzy\u0144skiego 5, 05-480 Karczew<br>\nW zwi\u0105zku z wad\u0105 mo\u017cesz \u017c\u0105da\u0107:<\/p>\n\n\n\n<p>wymiany\nrzeczy na woln\u0105 od wad,<\/p>\n\n\n\n<p>usuni\u0119cia\nwady,<\/p>\n\n\n\n<p>lub\nz\u0142o\u017cy\u0107 o\u015bwiadczenie o:<\/p>\n\n\n\n<p>obni\u017ceniu\nceny,<\/p>\n\n\n\n<p>odst\u0105pieniu\nod umowy \u2013 w przypadku wady istotnej.<\/p>\n\n\n\n<p>Odpowiadamy\nwzgl\u0119dem Ciebie za wady stwierdzone przed up\u0142ywem dw\u00f3ch lat od dnia wydania\nrzeczy.<\/p>\n\n\n\n<p><strong>Niekt\u00f3re produkty oferowane w\nsklepie s\u0105 tworzone r\u0119cznie. Ka\u017cdy produkt jest unikalny i niepowtarzalny. St\u0105d\nmo\u017cliwo\u015b\u0107 wyst\u0119powania delikatnych r\u00f3\u017cnic w fakturze splot\u00f3w mi\u0119dzy produktami\nwynikaj\u0105cymi z ich r\u0119cznej produkcji. Z uwagi na wykorzystywany rodzaj\nmateria\u0142u, produkt mo\u017ce si\u0119 nieznacznie rozci\u0105gn\u0105\u0107, poniewa\u017c stosowana w\nprodukcji we\u0142na charakteryzuje si\u0119 pewn\u0105 elastyczno\u015bci\u0105.<\/strong><\/p>\n\n\n\n<p><br>\nCo do zasady reklamacj\u0119 mo\u017cesz zg\u0142osi\u0107 w ci\u0105gu roku od zauwa\u017cenia wady, ale\nczas na z\u0142o\u017cenie reklamacji nie mo\u017ce si\u0119 zako\u0144czy\u0107 przed up\u0142ywem okresu\nodpowiedzialno\u015bci sprzedawcy.<\/p>\n\n\n\n<p>Rozpatrzenie\nTwojej reklamacji (ustosunkowanie si\u0119 do niej) nast\u0105pi w ci\u0105gu 14 dni od daty otrzymania\nprzez nas Twojego zg\u0142oszenia reklamacyjnego.<\/p>\n\n\n\n<p>Wi\u0119cej\ninformacji na temat reklamacji znajdziesz w naszym Regulaminie sprzeda\u017cy.<\/p>\n\n\n\n<p>Klient\nprzed odebraniem przesy\u0142ki zobowi\u0105zany jest sprawdzi\u0107, czy opakowanie nie\nuleg\u0142o uszkodzeniu w transporcie. W przypadku, gdy opakowanie przesy\u0142ki nosi\nznamiona uszkodzenia zaleca si\u0119 nie przyjmowa\u0107 przesy\u0142ki i sporz\u0105dzi\u0107 protok\u00f3\u0142\nszkody oraz skontaktowa\u0107 si\u0119 jak najszybciej ze Sklepem w celu wyja\u015bnienia\nsprawy.<\/p>\n\n\n\n<p>W\nprzypadkach zwrotu uszkodzonego towaru lub dostarczenia do Sklepu towaru\nniepe\u0142nowarto\u015bciowego lub zmienionego, Sklep ma prawo potr\u0105ci\u0107 kwot\u0119 w cz\u0119\u015bci\nlub w ca\u0142o\u015bci za obni\u017cenie warto\u015bci towaru. Poziom potr\u0105cenia kwoty za towar\nzale\u017ce\u0107 b\u0119dzie od stopnia zmiany, uszkodzenia czy jego zniszczenia.<\/p>\n","protected":false},"excerpt":{"rendered":"<p>Regulamin konta Regulamin konta w sklepie LoveCare SPIS TRE\u015aCI \u00a7 1 Definicje \u00a7 2 Kontakt ze Sprzedawc\u0105 \u00a7 3 Wymogi techniczne \u00a7 4 Konto \u00a7 5 Reklamacje \u00a7 6 Dane osobowe \u00a7 7 Zastrze\u017cenia \u00a7 1 DEFINICJE Konto \u2013 uregulowana w niniejszym regulaminie nieodp\u0142atna funkcja Sklepu (us\u0142uga), dzi\u0119ki kt\u00f3rej Kupuj\u0105cy mo\u017ce za\u0142o\u017cy\u0107 w Sklepie swoje [&hellip;]<\/p>\n","protected":false},"author":1,"featured_media":0,"parent":0,"menu_order":0,"comment_status":"closed","ping_status":"closed","template":"","meta":{"footnotes":""},"class_list":["post-1226","page","type-page","status-publish","hentry"],"_links":{"self":[{"href":"https:\/\/www.lovecare.pl\/index.php\/wp-json\/wp\/v2\/pages\/1226","targetHints":{"allow":["GET"]}}],"collection":[{"href":"https:\/\/www.lovecare.pl\/index.php\/wp-json\/wp\/v2\/pages"}],"about":[{"href":"https:\/\/www.lovecare.pl\/index.php\/wp-json\/wp\/v2\/types\/page"}],"author":[{"embeddable":true,"href":"https:\/\/www.lovecare.pl\/index.php\/wp-json\/wp\/v2\/users\/1"}],"replies":[{"embeddable":true,"href":"https:\/\/www.lovecare.pl\/index.php\/wp-json\/wp\/v2\/comments?post=1226"}],"version-history":[{"count":1,"href":"https:\/\/www.lovecare.pl\/index.php\/wp-json\/wp\/v2\/pages\/1226\/revisions"}],"predecessor-version":[{"id":1227,"href":"https:\/\/www.lovecare.pl\/index.php\/wp-json\/wp\/v2\/pages\/1226\/revisions\/1227"}],"wp:attachment":[{"href":"https:\/\/www.lovecare.pl\/index.php\/wp-json\/wp\/v2\/media?parent=1226"}],"curies":[{"name":"wp","href":"https:\/\/api.w.org\/{rel}","templated":true}]}}