{"id":983,"date":"2018-08-31T10:04:17","date_gmt":"2018-08-31T10:04:17","guid":{"rendered":"http:\/\/lovecaresl.cluster026.hosting.ovh.net\/lovecare_shop\/?page_id=983"},"modified":"2019-05-19T22:19:55","modified_gmt":"2019-05-19T22:19:55","slug":"privacy-policy","status":"publish","type":"page","link":"https:\/\/www.lovecare.pl\/index.php\/privacy-policy\/","title":{"rendered":"POLITYKA PRYWATNO\u015aCI"},"content":{"rendered":"<p><strong>POLITYKA PRYWATNO\u015aCI <\/strong><\/p>\n<p>Dane osobowe przekazywane nam przez Klient\u00f3w przetwarzamy w spos\u00f3b zgodny z zakresem udzielonego przez Klient\u00f3w zezwolenia oraz wymogami prawa, w szczeg\u00f3lno\u015bci zgodnie z ustaw\u0105 z dnia 29 sierpnia 1997 r. o ochronie danych osobowych (Dz. U. Nr 133, poz. 883 z p\u00f3\u017an. zm.). Dane osobowe Klient\u00f3w przechowujemy na serwerach zapewniaj\u0105cych ich pe\u0142ne bezpiecze\u0144stwo. Dost\u0119p do bazy danych posiadaj\u0105 jedynie uprawnieni pracownicy Sklepu.<br \/>\nPrzys\u0142uguje Ci niezbywalne prawo do wgl\u0105du do tych danych, a tak\u017ce prawo do ich modyfikacji (w tym, oczywi\u015bcie, usuni\u0119cia).<\/p>\n<p>Oto informacje, kt\u00f3re okre\u015blaj\u0105, jak przetwarzamy Twoje dane.<\/p>\n<ul>\n<li>Podczas sk\u0142adania zam\u00f3wienia, zbieramy dane, kt\u00f3re pos\u0142u\u017c\u0105 nam do jego realizacji. Podajesz nam, a my przechowujemy, nast\u0119puj\u0105ce dane: <strong>Imi\u0119<\/strong> oraz <strong>nazwisko<\/strong>, <strong>Adres domowy<\/strong> (kod pocztowy, miasto, ulica, numer domu i mieszkania, kraj zamieszkania), <strong>Adres do dor\u0119cze\u0144<\/strong> (kod pocztowy, miasto, ulica, numer domu i mieszkania, kraj zamieszkania), <strong>Telefon<\/strong>, <strong>Adres poczty elektronicznej e-mail<\/strong>, <strong>Has\u0142o<\/strong>, za pomoc\u0105 kt\u00f3rego b\u0119dziesz m\u00f3g\u0142 zalogowa\u0107 si\u0119 do sklepu<\/li>\n<li>Podczas Twojej wizyty na naszej stronie, w spos\u00f3b automatyczny zbierane s\u0105 r\u00f3wnie\u017c typowe dane, takie, jak adres IP Twojego po\u0142\u0105czenia, wersja systemu operacyjnego i u\u017cywany j\u0119zyk, a tak\u017ce typ i wersja przegl\u0105darki internetowej.<\/li>\n<li>Twoje dane, podawane za pomoc\u0105 formularza na stronie lovecare.pl, s\u0105 zbierane i przetwarzane przez w\u0142a\u015bciciela sklepu Ewelin\u0119 Dudek. Mo\u017cesz si\u0119 z nami skontaktowa\u0107 listownie b\u0105d\u017a za pomoc\u0105 poczty elektronicznej na adres <a href=\"mailto:lovecare.ewelina@gmail.com\"><strong>ewelina@gmail.com<\/strong><\/a><\/li>\n<li>Przede wszystkim, dane osobowe zbieramy w celu prowadzenia dzia\u0142alno\u015bci sklepu \u2013 tj. realizacji Twojego zam\u00f3wienia. Ponadto, sklep lovecare.pl mo\u017ce wykorzystywa\u0107 te dane do prowadzenia komunikacji s\u0142u\u017c\u0105cej a) realizacji kolejnych zam\u00f3wie\u0144 i b) kierowaniu ofert na inne produkty, kt\u00f3re naszym zdaniem mog\u0105 by\u0107 dla Ciebie interesuj\u0105ce.<\/li>\n<li>Twoje dane osobowe nigdy nie zostan\u0105 ani sprzedane, ani przekazane \u017cadnym podmiotom trzecim. Wyj\u0105tkiem jest sytuacja oczywista i dopuszczalna, tj. przekazanie ich firmie kurierskiej b\u0105d\u017a innemu podmiotowi realizuj\u0105cemu dostaw\u0119, na czas realizacji tej dostawy. Twoje dane osobowe zostaj\u0105 tylko u nas.<\/li>\n<\/ul>\n<p><strong>Wystarczy skontaktowa\u0107 si\u0119 z nami za pomoc\u0105 poczty e-mail, aby sprawdzi\u0107 lub zmieni\u0107 swoje dane osobowe przez lovecare.pl na adres <\/strong><a href=\"mailto:lovecare.ewelina@gmail.com\"><strong>lovecare.ewelina@gmail.com<\/strong><\/a><\/p>\n","protected":false},"excerpt":{"rendered":"<p>POLITYKA PRYWATNO\u015aCI Dane osobowe przekazywane nam przez Klient\u00f3w przetwarzamy w spos\u00f3b zgodny z zakresem udzielonego przez Klient\u00f3w zezwolenia oraz wymogami prawa, w szczeg\u00f3lno\u015bci zgodnie z ustaw\u0105 z dnia 29 sierpnia 1997 r. o ochronie danych osobowych (Dz. U. Nr 133, poz. 883 z p\u00f3\u017an. zm.). Dane osobowe Klient\u00f3w przechowujemy na serwerach zapewniaj\u0105cych ich pe\u0142ne bezpiecze\u0144stwo. [&hellip;]<\/p>\n","protected":false},"author":1,"featured_media":0,"parent":0,"menu_order":0,"comment_status":"closed","ping_status":"closed","template":"","meta":{"footnotes":""},"class_list":["post-983","page","type-page","status-publish","hentry"],"_links":{"self":[{"href":"https:\/\/www.lovecare.pl\/index.php\/wp-json\/wp\/v2\/pages\/983","targetHints":{"allow":["GET"]}}],"collection":[{"href":"https:\/\/www.lovecare.pl\/index.php\/wp-json\/wp\/v2\/pages"}],"about":[{"href":"https:\/\/www.lovecare.pl\/index.php\/wp-json\/wp\/v2\/types\/page"}],"author":[{"embeddable":true,"href":"https:\/\/www.lovecare.pl\/index.php\/wp-json\/wp\/v2\/users\/1"}],"replies":[{"embeddable":true,"href":"https:\/\/www.lovecare.pl\/index.php\/wp-json\/wp\/v2\/comments?post=983"}],"version-history":[{"count":3,"href":"https:\/\/www.lovecare.pl\/index.php\/wp-json\/wp\/v2\/pages\/983\/revisions"}],"predecessor-version":[{"id":1177,"href":"https:\/\/www.lovecare.pl\/index.php\/wp-json\/wp\/v2\/pages\/983\/revisions\/1177"}],"wp:attachment":[{"href":"https:\/\/www.lovecare.pl\/index.php\/wp-json\/wp\/v2\/media?parent=983"}],"curies":[{"name":"wp","href":"https:\/\/api.w.org\/{rel}","templated":true}]}}