{"id":1057,"date":"2019-04-03T11:01:02","date_gmt":"2019-04-03T11:01:02","guid":{"rendered":"http:\/\/lovecaresl.cluster026.hosting.ovh.net\/lovecare_shop\/?post_type=product&#038;p=1057"},"modified":"2026-02-02T18:43:26","modified_gmt":"2026-02-02T18:43:26","slug":"butelki-do-przechowywania-pokarmu-lansinoh-4-szt","status":"publish","type":"product","link":"https:\/\/www.lovecare.pl\/index.php\/product\/butelki-do-przechowywania-pokarmu-lansinoh-4-szt\/","title":{"rendered":"BUTELKI DO PRZECHOWYWANIA POKARMU Lansinoh ( 4 SZT. )"},"content":{"rendered":"<p>Butelki do przechowywania pokarmu \u00a0wykonane s\u0105 z polipropylenu \u2013 specjalnego tworzywa zalecanego do przechowywania pokarmu (bez dodatku Bisphenolu-A, oraz innych substancji chemicznych). Mo\u017cna bez obaw umieszcza\u0107 je w lod\u00f3wkach i zamra\u017carkach dzi\u0119ki specjalnie zaprojektowanej zakr\u0119tce, kt\u00f3ra zapobiega wyciekaniu zawarto\u015bci. Ka\u017cdy zestaw zawiera cztery standardowe butelki o zw\u0119\u017canych szyjkach, o pojemno\u015bci 160 ml, zakr\u0119tki i nak\u0142adki.<\/p>\n<h6><strong>Cechy produktu:<\/strong><\/h6>\n<ul>\n<li>Bez dodatku BPA i BPS<\/li>\n<li>Kompatybilne ze wszystkimi modelami laktator\u00f3w Lansinoh<\/li>\n<li>Pasuj\u0105 do wi\u0119kszo\u015bci standardowych laktator\u00f3w innych marek dost\u0119pnych na rynku<\/li>\n<li>Bezpieczne zamra\u017cania i mycia w zmywarce<\/li>\n<li>Silikonowy ko\u0142nierz zapobiega wyciekaniu pokarmu z butelki<\/li>\n<li>Ergonomiczna i dzi\u0119ki swojemu kszta\u0142towi \u0142atwa do nape\u0142niania<\/li>\n<\/ul>\n<h6><strong>Zestaw zawiera:<\/strong><\/h6>\n<ul>\n<li>4 x butelki do przechowywania odci\u0105gni\u0119tego pokarmu<\/li>\n<li>4x nakr\u0119tki na butelki<\/li>\n<li>4 x silikonowe ko\u0142nierze zapobiegaj\u0105ce wyciekaniu pokarmu z butelki<\/li>\n<\/ul>\n","protected":false},"excerpt":{"rendered":"<p>Butelki do przechowywania pokarmu \u00a0wykonane s\u0105 z polipropylenu \u2013 specjalnego tworzywa zalecanego do przechowywania pokarmu (bez dodatku Bisphenolu-A, oraz innych substancji chemicznych). Mo\u017cna bez obaw umieszcza\u0107 je w lod\u00f3wkach i zamra\u017carkach dzi\u0119ki specjalnie zaprojektowanej zakr\u0119tce, kt\u00f3ra zapobiega wyciekaniu zawarto\u015bci. Ka\u017cdy zestaw zawiera cztery standardowe butelki o zw\u0119\u017canych szyjkach, o pojemno\u015bci 160 ml, zakr\u0119tki i nak\u0142adki. [&hellip;]<\/p>\n","protected":false},"featured_media":1061,"template":"","meta":[],"product_cat":[83],"product_tag":[81,82,79,80],"class_list":["post-1057","product","type-product","status-publish","has-post-thumbnail","hentry","product_cat-karmienie-piersia","product_tag-butelka","product_tag-lansinoh","product_tag-pokarm","product_tag-przechowywanie"],"_links":{"self":[{"href":"https:\/\/www.lovecare.pl\/index.php\/wp-json\/wp\/v2\/product\/1057","targetHints":{"allow":["GET"]}}],"collection":[{"href":"https:\/\/www.lovecare.pl\/index.php\/wp-json\/wp\/v2\/product"}],"about":[{"href":"https:\/\/www.lovecare.pl\/index.php\/wp-json\/wp\/v2\/types\/product"}],"wp:featuredmedia":[{"embeddable":true,"href":"https:\/\/www.lovecare.pl\/index.php\/wp-json\/wp\/v2\/media\/1061"}],"wp:attachment":[{"href":"https:\/\/www.lovecare.pl\/index.php\/wp-json\/wp\/v2\/media?parent=1057"}],"wp:term":[{"taxonomy":"product_cat","embeddable":true,"href":"https:\/\/www.lovecare.pl\/index.php\/wp-json\/wp\/v2\/product_cat?post=1057"},{"taxonomy":"product_tag","embeddable":true,"href":"https:\/\/www.lovecare.pl\/index.php\/wp-json\/wp\/v2\/product_tag?post=1057"}],"curies":[{"name":"wp","href":"https:\/\/api.w.org\/{rel}","templated":true}]}}