{"id":1077,"date":"2019-05-16T10:31:13","date_gmt":"2019-05-16T10:31:13","guid":{"rendered":"http:\/\/lovecaresl.cluster026.hosting.ovh.net\/lovecare_shop\/?post_type=product&#038;p=1077"},"modified":"2020-01-02T16:26:39","modified_gmt":"2020-01-02T16:26:39","slug":"lanolina-hph-lansinoh-40-ml","status":"publish","type":"product","link":"https:\/\/www.lovecare.pl\/index.php\/product\/lanolina-hph-lansinoh-40-ml\/","title":{"rendered":"LANOLINA HPH Lansinoh (40 ml)"},"content":{"rendered":"<p>Lanolina Lansinoh HPA\u00ae jest w 100% hypoalergiczna lanolina uzyskana przy udziale unikalnego procesu rafinacji i tym samym najbezpieczniejszym i najczystszym preparatem na brodawki piersi dost\u0119pnym na rynku. Lanolina Lansinoh HPA\u00ae jest jedynym produktem lanolinowym, kt\u00f3ry uzyska\u0142 Piecz\u0119\u0107 Uznania Brytyjskiego Towarzystwa Alergologicznego.<\/p>\n<ul>\n<li>Pomaga chroni\u0107 i leczy\u0107 podra\u017cnienia brodawek piersi<\/li>\n<li>Nie musi by\u0107 usuwana przed rozpocz\u0119ciem karmienia<\/li>\n<li>Jest bezbarwna, bazsmakowa i bezzapachowa<\/li>\n<li>Nie zawiera konserwant\u00f3w, przeciwutleniaczy i innych dodatk\u00f3w<\/li>\n<\/ul>\n<p>&nbsp;<\/p>\n<p><strong>Cechy produktu:<\/strong><\/p>\n<p>Bez dodatku BPA i BPS<br \/>\nNumer 1 w\u015br\u00f3d preparat\u00f3w dla karmi\u0105cych matek<br \/>\nPomaga \u0142agodzi\u0107 b\u00f3l, chroni przed p\u0119kaniem i podra\u017cnieniem brodawek piersi<br \/>\nW 100% naturalna<br \/>\nNajczystsza lanolina na \u015bwiecie<br \/>\nBez dodatk\u00f3w, konserwant\u00f3w i sztucznych barwnik\u00f3w<br \/>\nBezpieczna dla dziecka i hypoalergiczna<br \/>\nNie musi by\u0107 usuwana przed karmieniem piersi\u0105<br \/>\nBez dodatku paraben\u00f3w<br \/>\nBezzapachowa, bezbarwna, bezsmakowa \u2013 najlepiej tolerowany przez niemowl\u0119 preparat tego typu<\/p>\n","protected":false},"excerpt":{"rendered":"<p>Lanolina Lansinoh HPA\u00ae jest w 100% hypoalergiczna lanolina uzyskana przy udziale unikalnego procesu rafinacji i tym samym najbezpieczniejszym i najczystszym preparatem na brodawki piersi dost\u0119pnym na rynku. Lanolina Lansinoh HPA\u00ae jest jedynym produktem lanolinowym, kt\u00f3ry uzyska\u0142 Piecz\u0119\u0107 Uznania Brytyjskiego Towarzystwa Alergologicznego. Pomaga chroni\u0107 i leczy\u0107 podra\u017cnienia brodawek piersi Nie musi by\u0107 usuwana przed rozpocz\u0119ciem karmienia [&hellip;]<\/p>\n","protected":false},"featured_media":1078,"template":"","meta":[],"product_cat":[83],"product_tag":[],"class_list":["post-1077","product","type-product","status-publish","has-post-thumbnail","hentry","product_cat-karmienie-piersia"],"_links":{"self":[{"href":"https:\/\/www.lovecare.pl\/index.php\/wp-json\/wp\/v2\/product\/1077","targetHints":{"allow":["GET"]}}],"collection":[{"href":"https:\/\/www.lovecare.pl\/index.php\/wp-json\/wp\/v2\/product"}],"about":[{"href":"https:\/\/www.lovecare.pl\/index.php\/wp-json\/wp\/v2\/types\/product"}],"wp:featuredmedia":[{"embeddable":true,"href":"https:\/\/www.lovecare.pl\/index.php\/wp-json\/wp\/v2\/media\/1078"}],"wp:attachment":[{"href":"https:\/\/www.lovecare.pl\/index.php\/wp-json\/wp\/v2\/media?parent=1077"}],"wp:term":[{"taxonomy":"product_cat","embeddable":true,"href":"https:\/\/www.lovecare.pl\/index.php\/wp-json\/wp\/v2\/product_cat?post=1077"},{"taxonomy":"product_tag","embeddable":true,"href":"https:\/\/www.lovecare.pl\/index.php\/wp-json\/wp\/v2\/product_tag?post=1077"}],"curies":[{"name":"wp","href":"https:\/\/api.w.org\/{rel}","templated":true}]}}