{"id":1091,"date":"2019-05-16T10:54:39","date_gmt":"2019-05-16T10:54:39","guid":{"rendered":"http:\/\/lovecaresl.cluster026.hosting.ovh.net\/lovecare_shop\/?post_type=product&#038;p=1091"},"modified":"2020-01-02T16:21:30","modified_gmt":"2020-01-02T16:21:30","slug":"wkladki-laktacyjne-lansinoh-60-szt","status":"publish","type":"product","link":"https:\/\/www.lovecare.pl\/index.php\/product\/wkladki-laktacyjne-lansinoh-60-szt\/","title":{"rendered":"WK\u0141ADKI LAKTACYJNE Lansinoh (60 szt.)"},"content":{"rendered":"<p>Z tymi wyj\u0105tkowo ch\u0142onnymi wk\u0142adkami unikniesz kr\u0119puj\u0105cego przeciekania pokarmu. Mi\u0119kka, zatrzymuj\u0105ca wilgo\u0107 warstwa izoluje nadmiar pokarmu. Jedyna wk\u0142adka wi\u0105\u017c\u0105ca wilgo\u0107 zachowuj\u0105ca sw\u00f3j kszta\u0142t po zamoczeniu.<\/p>\n<ul>\n<li>Dyskretne, o naturalnym kszta\u0142cie, niewidoczne pod bielizn\u0105<\/li>\n<li>Wyj\u0105tkowa pow\u0142oka o strukturze plastra miodu tworzy wodoodporn\u0105 warstw\u0119<\/li>\n<li>Nie ze\u015blizguj\u0105 si\u0119 dzi\u0119ki podw\u00f3jnemu samoprzylepnemu paskowi<\/li>\n<li>Pakowane pojedynczo co gwarantuje sterylno\u015b\u0107 i wygod\u0119 u\u017cycia<\/li>\n<\/ul>\n<p>&nbsp;<\/p>\n<p><strong>Cechy produktu:<\/strong><\/p>\n<p>Dyskretne, naturalnie wyprofilowane<br \/>\nPakowane pojedynczo dla zachowania sterylno\u015bci i higieny<br \/>\nOdpowiednie do ka\u017cdego rozmiaru i kszta\u0142tu piersi<br \/>\nTechnologia \u201cOne-way\u201d gwarantuje skuteczne wch\u0142anianie wilgoci by pozostawi\u0107 sk\u00f3r\u0119 such\u0105 w dzie\u0144 i w nocy<br \/>\n2 paski samoprzylepne zapobiegaj\u0105 ze\u015blizgiwaniu si\u0119 wk\u0142adki<br \/>\nOddychaj\u0105ca warstwa zewn\u0119trzna zabezpiecza odzie\u017c przed zawilgoceniem i przemoczeniem<br \/>\nMi\u0119kka i oddychaj\u0105ca warstwa wewn\u0119trzna dla maksymalnego komfortu u\u017cycia<br \/>\nSuper-absorbuj\u0105cy wilgo\u0107 polimer zatrzymuje wilgo\u0107 w \u015brodku wk\u0142adki<br \/>\nBez dodatku BPA i BPS<\/p>\n","protected":false},"excerpt":{"rendered":"<p>Z tymi wyj\u0105tkowo ch\u0142onnymi wk\u0142adkami unikniesz kr\u0119puj\u0105cego przeciekania pokarmu. Mi\u0119kka, zatrzymuj\u0105ca wilgo\u0107 warstwa izoluje nadmiar pokarmu. Jedyna wk\u0142adka wi\u0105\u017c\u0105ca wilgo\u0107 zachowuj\u0105ca sw\u00f3j kszta\u0142t po zamoczeniu. Dyskretne, o naturalnym kszta\u0142cie, niewidoczne pod bielizn\u0105 Wyj\u0105tkowa pow\u0142oka o strukturze plastra miodu tworzy wodoodporn\u0105 warstw\u0119 Nie ze\u015blizguj\u0105 si\u0119 dzi\u0119ki podw\u00f3jnemu samoprzylepnemu paskowi Pakowane pojedynczo co gwarantuje sterylno\u015b\u0107 i wygod\u0119 [&hellip;]<\/p>\n","protected":false},"featured_media":1085,"template":"","meta":[],"product_cat":[83],"product_tag":[],"class_list":["post-1091","product","type-product","status-publish","has-post-thumbnail","hentry","product_cat-karmienie-piersia"],"_links":{"self":[{"href":"https:\/\/www.lovecare.pl\/index.php\/wp-json\/wp\/v2\/product\/1091","targetHints":{"allow":["GET"]}}],"collection":[{"href":"https:\/\/www.lovecare.pl\/index.php\/wp-json\/wp\/v2\/product"}],"about":[{"href":"https:\/\/www.lovecare.pl\/index.php\/wp-json\/wp\/v2\/types\/product"}],"wp:featuredmedia":[{"embeddable":true,"href":"https:\/\/www.lovecare.pl\/index.php\/wp-json\/wp\/v2\/media\/1085"}],"wp:attachment":[{"href":"https:\/\/www.lovecare.pl\/index.php\/wp-json\/wp\/v2\/media?parent=1091"}],"wp:term":[{"taxonomy":"product_cat","embeddable":true,"href":"https:\/\/www.lovecare.pl\/index.php\/wp-json\/wp\/v2\/product_cat?post=1091"},{"taxonomy":"product_tag","embeddable":true,"href":"https:\/\/www.lovecare.pl\/index.php\/wp-json\/wp\/v2\/product_tag?post=1091"}],"curies":[{"name":"wp","href":"https:\/\/api.w.org\/{rel}","templated":true}]}}