{"id":1097,"date":"2019-05-16T11:07:00","date_gmt":"2019-05-16T11:07:00","guid":{"rendered":"http:\/\/lovecaresl.cluster026.hosting.ovh.net\/lovecare_shop\/?post_type=product&#038;p=1097"},"modified":"2025-01-14T21:10:13","modified_gmt":"2025-01-14T21:10:13","slug":"balsam-multi-mam-30ml","status":"publish","type":"product","link":"https:\/\/www.lovecare.pl\/index.php\/product\/balsam-multi-mam-30ml\/","title":{"rendered":"BALSAM Multi-Mam (30ml)"},"content":{"rendered":"<p>Balsam Multi-Mam to unikalny produkt opracowany z my\u015bl\u0105 o mamach karmi\u0105cych. Preparat sk\u0142ada si\u0119 z olejk\u00f3w ro\u015blinnych, kt\u00f3re chroni\u0105 i piel\u0119gnuj\u0105 sutki przed oraz w trakcie karmienia piersi\u0105. Balsam Multi-Mam zast\u0119puje i uzupe\u0142nia naturalnie wyst\u0119puj\u0105ce w sk\u00f3rze lipidy. Preparat \u0142atwo si\u0119 wch\u0142ania i nie jest lepki. Nie pozostawia na sk\u00f3rze smaku ani zapachu, stanowi \u015brodek higieny osobistej.<\/p>\n<p><strong>Sk\u0142ad:<\/strong> Balsam Multi-Mam zawiera wybrane oleje ro\u015blinne. Jest naturalny, nie zawiera substancji zapachowych, sk\u0142adnik\u00f3w pochodzenia od zwierz\u0105t ani substancji konserwuj\u0105cych.<\/p>\n<p><strong>Sk\u0142adniki:<\/strong> olej s\u0142onecznikowy, mas\u0142o shea, PEG-8 Beeswax, skwalen, policynooleinian poliglicerolu-3, galusan propylu<\/p>\n<p><strong>Cechy produktu:<\/strong><\/p>\n<p>Zio\u0142owa piel\u0119gnacja brodawek karmi\u0105cej mamy<\/p>\n<p>Chroni delikatn\u0105 sk\u00f3r\u0119 piersi przed i w trakcie karmienia<\/p>\n<p>Zapobiega p\u0119kaniu nask\u00f3rka \u2013 sk\u00f3ra staje si\u0119 mi\u0119kka, j\u0119drna i zdrowa<\/p>\n<p>Zast\u0119puje i uzupe\u0142nia naturalnie wyst\u0119puj\u0105ce w sk\u00f3rze lipidy tracone w trakcie karmienia<\/p>\n<p>Optymalizuje stan sk\u00f3ry i jest \u0142atwy w u\u017cyciu<\/p>\n<p>Stanowi zio\u0142ow\u0105 alternatyw\u0119 dla lanoliny<\/p>\n<p>&nbsp;<\/p>\n<p><strong>Spos\u00f3b u\u017cycia<\/strong>:<\/p>\n<p>Przemyj r\u0119ce oraz sutki letni\u0105 wod\u0105, a nast\u0119pnie delikatnie je osusz. Wyci\u015bnij du\u017c\u0105 ilo\u015b\u0107 balsamu i wsmaruj w brodawki oraz okolice. Dla uzyskania najlepszych efekt\u00f3w, stosuj balsam dwa razy dziennie. Formu\u0142a balsamu jest ca\u0142kowicie bezpieczna i mo\u017cna u\u017cywa\u0107 go bez \u017cadnych ogranicze\u0144 w dawkowaniu. Nie musisz usuwa\u0107 balsamu przed rozpocz\u0119ciem karmienia piersi\u0105.<\/p>\n","protected":false},"excerpt":{"rendered":"<p>Balsam Multi-Mam to unikalny produkt opracowany z my\u015bl\u0105 o mamach karmi\u0105cych. Preparat sk\u0142ada si\u0119 z olejk\u00f3w ro\u015blinnych, kt\u00f3re chroni\u0105 i piel\u0119gnuj\u0105 sutki przed oraz w trakcie karmienia piersi\u0105. Balsam Multi-Mam zast\u0119puje i uzupe\u0142nia naturalnie wyst\u0119puj\u0105ce w sk\u00f3rze lipidy. Preparat \u0142atwo si\u0119 wch\u0142ania i nie jest lepki. Nie pozostawia na sk\u00f3rze smaku ani zapachu, stanowi \u015brodek [&hellip;]<\/p>\n","protected":false},"featured_media":1098,"template":"","meta":[],"product_cat":[83],"product_tag":[],"class_list":["post-1097","product","type-product","status-publish","has-post-thumbnail","hentry","product_cat-karmienie-piersia"],"_links":{"self":[{"href":"https:\/\/www.lovecare.pl\/index.php\/wp-json\/wp\/v2\/product\/1097","targetHints":{"allow":["GET"]}}],"collection":[{"href":"https:\/\/www.lovecare.pl\/index.php\/wp-json\/wp\/v2\/product"}],"about":[{"href":"https:\/\/www.lovecare.pl\/index.php\/wp-json\/wp\/v2\/types\/product"}],"wp:featuredmedia":[{"embeddable":true,"href":"https:\/\/www.lovecare.pl\/index.php\/wp-json\/wp\/v2\/media\/1098"}],"wp:attachment":[{"href":"https:\/\/www.lovecare.pl\/index.php\/wp-json\/wp\/v2\/media?parent=1097"}],"wp:term":[{"taxonomy":"product_cat","embeddable":true,"href":"https:\/\/www.lovecare.pl\/index.php\/wp-json\/wp\/v2\/product_cat?post=1097"},{"taxonomy":"product_tag","embeddable":true,"href":"https:\/\/www.lovecare.pl\/index.php\/wp-json\/wp\/v2\/product_tag?post=1097"}],"curies":[{"name":"wp","href":"https:\/\/api.w.org\/{rel}","templated":true}]}}