{"id":1101,"date":"2019-05-16T11:30:00","date_gmt":"2019-05-16T11:30:00","guid":{"rendered":"http:\/\/lovecaresl.cluster026.hosting.ovh.net\/lovecare_shop\/?post_type=product&#038;p=1101"},"modified":"2019-05-16T16:23:51","modified_gmt":"2019-05-16T16:23:51","slug":"opaska-pin-up-newborn-jamiolkowo","status":"publish","type":"product","link":"https:\/\/www.lovecare.pl\/index.php\/product\/opaska-pin-up-newborn-jamiolkowo\/","title":{"rendered":"OPASKA \u201ePIN-UP\u201d NEWBORN Jamio\u0142kowo"},"content":{"rendered":"<p>Opaska handmade firmy Janio\u0142kowo, wykonana jest z dzianiny 92 % bawe\u0142na i 8% elastan. Opaska jest w dw\u00f3ch kolorach, szmaragdowym oraz c\u0119tki \u2013 brudny r\u00f3\u017c.\u00a0 Rozmiar<\/p>\n<p>Wszystkie opaski wykonywane s\u0105 r\u0119cznie dlatego mog\u0105 si\u0119 one nieco r\u00f3\u017cni\u0107 od tych zamieszczonych na zdj\u0119ciach.<\/p>\n<p>Kolor produktu mo\u017ce si\u0119 troch\u0119 r\u00f3\u017cni\u0107, wynika to z r\u00f3\u017cnorodno\u015bci dost\u0119pnego sprz\u0119tu komputerowego oraz jego indywidualnych ustawie\u0144, a w szczeg\u00f3lno\u015bci ustawie\u0144 monitora i karty graficznej.<\/p>\n","protected":false},"excerpt":{"rendered":"<p>Opaska handmade firmy Janio\u0142kowo, wykonana jest z dzianiny 92 % bawe\u0142na i 8% elastan. Opaska jest w dw\u00f3ch kolorach, szmaragdowym oraz c\u0119tki \u2013 brudny r\u00f3\u017c.\u00a0 Rozmiar Wszystkie opaski wykonywane s\u0105 r\u0119cznie dlatego mog\u0105 si\u0119 one nieco r\u00f3\u017cni\u0107 od tych zamieszczonych na zdj\u0119ciach. Kolor produktu mo\u017ce si\u0119 troch\u0119 r\u00f3\u017cni\u0107, wynika to z r\u00f3\u017cnorodno\u015bci dost\u0119pnego sprz\u0119tu komputerowego [&hellip;]<\/p>\n","protected":false},"featured_media":1102,"template":"","meta":[],"product_cat":[84],"product_tag":[],"class_list":["post-1101","product","type-product","status-publish","has-post-thumbnail","hentry","product_cat-odziez-dla-dzieci"],"_links":{"self":[{"href":"https:\/\/www.lovecare.pl\/index.php\/wp-json\/wp\/v2\/product\/1101","targetHints":{"allow":["GET"]}}],"collection":[{"href":"https:\/\/www.lovecare.pl\/index.php\/wp-json\/wp\/v2\/product"}],"about":[{"href":"https:\/\/www.lovecare.pl\/index.php\/wp-json\/wp\/v2\/types\/product"}],"wp:featuredmedia":[{"embeddable":true,"href":"https:\/\/www.lovecare.pl\/index.php\/wp-json\/wp\/v2\/media\/1102"}],"wp:attachment":[{"href":"https:\/\/www.lovecare.pl\/index.php\/wp-json\/wp\/v2\/media?parent=1101"}],"wp:term":[{"taxonomy":"product_cat","embeddable":true,"href":"https:\/\/www.lovecare.pl\/index.php\/wp-json\/wp\/v2\/product_cat?post=1101"},{"taxonomy":"product_tag","embeddable":true,"href":"https:\/\/www.lovecare.pl\/index.php\/wp-json\/wp\/v2\/product_tag?post=1101"}],"curies":[{"name":"wp","href":"https:\/\/api.w.org\/{rel}","templated":true}]}}