{"id":1118,"date":"2019-05-16T11:58:58","date_gmt":"2019-05-16T11:58:58","guid":{"rendered":"http:\/\/lovecaresl.cluster026.hosting.ovh.net\/lovecare_shop\/?post_type=product&#038;p=1118"},"modified":"2019-05-16T16:21:33","modified_gmt":"2019-05-16T16:21:33","slug":"kocyk-minky-lesne-zwierzaki-jamiolkowo-100-x-75-cm","status":"publish","type":"product","link":"https:\/\/www.lovecare.pl\/index.php\/product\/kocyk-minky-lesne-zwierzaki-jamiolkowo-100-x-75-cm\/","title":{"rendered":"KOCYK MINKY &#8220;LE\u015aNE ZWIERZAKI&#8221; Jamio\u0142kowo (100 x 75 cm)"},"content":{"rendered":"<p>Kocyk handmade firmy Jamio\u0142kowo wykonany jest z wysokogatunkowej bawe\u0142ny 100%, kt\u00f3r\u0105 z drugiej strony uzupe\u0142nia mi\u0119ciutki plusz minky. \u015arodek kocyka wype\u0142niony jest antyalergicznym ociepleniem.<br \/>\nZapewnia on maluszkowi ciep\u0142o oraz wygod\u0119 podczas u\u017cytkowania.<br \/>\nKocyk idealnie sprawdza si\u0119 jako ko\u0142derka do \u0142\u00f3\u017ceczka, w\u00f3zka lub jako mi\u0119ciutka mata dla maluszka.<\/p>\n<p>Wymiary to 75&#215;100 cm (+\/- 2,5 cm), niewielkie r\u00f3\u017cnice wynikaj\u0105 z tego, \u017ce ka\u017cdy kocyk wykonywany jest r\u0119cznie.<br \/>\nKolor produktu mo\u017ce si\u0119 troch\u0119 r\u00f3\u017cni\u0107, wynika to z r\u00f3\u017cnorodno\u015bci dost\u0119pnego sprz\u0119tu komputerowego oraz jego indywidualnych ustawie\u0144, a w szczeg\u00f3lno\u015bci ustawie\u0144 monitora i karty graficznej.<\/p>\n<p>&nbsp;<\/p>\n<p>pranie &#8211; 30 *C,<br \/>\nwirowanie &#8211; 700 obrot\u00f3w,<br \/>\nprasowanie &#8211; bez pary po stronie bawe\u0142ny<\/p>\n","protected":false},"excerpt":{"rendered":"<p>Kocyk handmade firmy Jamio\u0142kowo wykonany jest z wysokogatunkowej bawe\u0142ny 100%, kt\u00f3r\u0105 z drugiej strony uzupe\u0142nia mi\u0119ciutki plusz minky. \u015arodek kocyka wype\u0142niony jest antyalergicznym ociepleniem. Zapewnia on maluszkowi ciep\u0142o oraz wygod\u0119 podczas u\u017cytkowania. Kocyk idealnie sprawdza si\u0119 jako ko\u0142derka do \u0142\u00f3\u017ceczka, w\u00f3zka lub jako mi\u0119ciutka mata dla maluszka. Wymiary to 75&#215;100 cm (+\/- 2,5 cm), niewielkie [&hellip;]<\/p>\n","protected":false},"featured_media":1119,"template":"","meta":[],"product_cat":[85],"product_tag":[],"class_list":["post-1118","product","type-product","status-publish","has-post-thumbnail","hentry","product_cat-sen-i-relaks"],"_links":{"self":[{"href":"https:\/\/www.lovecare.pl\/index.php\/wp-json\/wp\/v2\/product\/1118","targetHints":{"allow":["GET"]}}],"collection":[{"href":"https:\/\/www.lovecare.pl\/index.php\/wp-json\/wp\/v2\/product"}],"about":[{"href":"https:\/\/www.lovecare.pl\/index.php\/wp-json\/wp\/v2\/types\/product"}],"wp:featuredmedia":[{"embeddable":true,"href":"https:\/\/www.lovecare.pl\/index.php\/wp-json\/wp\/v2\/media\/1119"}],"wp:attachment":[{"href":"https:\/\/www.lovecare.pl\/index.php\/wp-json\/wp\/v2\/media?parent=1118"}],"wp:term":[{"taxonomy":"product_cat","embeddable":true,"href":"https:\/\/www.lovecare.pl\/index.php\/wp-json\/wp\/v2\/product_cat?post=1118"},{"taxonomy":"product_tag","embeddable":true,"href":"https:\/\/www.lovecare.pl\/index.php\/wp-json\/wp\/v2\/product_tag?post=1118"}],"curies":[{"name":"wp","href":"https:\/\/api.w.org\/{rel}","templated":true}]}}