{"id":1122,"date":"2019-05-16T12:03:48","date_gmt":"2019-05-16T12:03:48","guid":{"rendered":"http:\/\/lovecaresl.cluster026.hosting.ovh.net\/lovecare_shop\/?post_type=product&#038;p=1122"},"modified":"2019-05-16T16:20:47","modified_gmt":"2019-05-16T16:20:47","slug":"czapeczka-newborn-mis-jamiolkowo","status":"publish","type":"product","link":"https:\/\/www.lovecare.pl\/index.php\/product\/czapeczka-newborn-mis-jamiolkowo\/","title":{"rendered":"CZAPECZKA NEWBORN &#8220;MI\u015a&#8221; Jamio\u0142kowo"},"content":{"rendered":"<p>Czapka handmade wykonana jest z dzianiny 92 % bawe\u0142na i 8% elastan. Czapka jest dost\u0119pna w dw\u00f3ch kolorach, szmaragdowym oraz c\u0119tki \u2013 brudny r\u00f3\u017c.<br \/>\nRozmiar czapki na obw\u00f3d g\u0142owy oko\u0142o 36-38 cm (36 cm bez rozci\u0105gni\u0119cia).<\/p>\n<p>Kolor produktu mo\u017ce si\u0119 troch\u0119 r\u00f3\u017cni\u0107, wynika to z r\u00f3\u017cnorodno\u015bci dost\u0119pnego sprz\u0119tu komputerowego oraz jego indywidualnych ustawie\u0144, a w szczeg\u00f3lno\u015bci ustawie\u0144 monitora i karty graficznej.<\/p>\n","protected":false},"excerpt":{"rendered":"<p>Czapka handmade wykonana jest z dzianiny 92 % bawe\u0142na i 8% elastan. Czapka jest dost\u0119pna w dw\u00f3ch kolorach, szmaragdowym oraz c\u0119tki \u2013 brudny r\u00f3\u017c. Rozmiar czapki na obw\u00f3d g\u0142owy oko\u0142o 36-38 cm (36 cm bez rozci\u0105gni\u0119cia). Kolor produktu mo\u017ce si\u0119 troch\u0119 r\u00f3\u017cni\u0107, wynika to z r\u00f3\u017cnorodno\u015bci dost\u0119pnego sprz\u0119tu komputerowego oraz jego indywidualnych ustawie\u0144, a w [&hellip;]<\/p>\n","protected":false},"featured_media":1123,"template":"","meta":[],"product_cat":[84],"product_tag":[],"class_list":["post-1122","product","type-product","status-publish","has-post-thumbnail","hentry","product_cat-odziez-dla-dzieci"],"_links":{"self":[{"href":"https:\/\/www.lovecare.pl\/index.php\/wp-json\/wp\/v2\/product\/1122","targetHints":{"allow":["GET"]}}],"collection":[{"href":"https:\/\/www.lovecare.pl\/index.php\/wp-json\/wp\/v2\/product"}],"about":[{"href":"https:\/\/www.lovecare.pl\/index.php\/wp-json\/wp\/v2\/types\/product"}],"wp:featuredmedia":[{"embeddable":true,"href":"https:\/\/www.lovecare.pl\/index.php\/wp-json\/wp\/v2\/media\/1123"}],"wp:attachment":[{"href":"https:\/\/www.lovecare.pl\/index.php\/wp-json\/wp\/v2\/media?parent=1122"}],"wp:term":[{"taxonomy":"product_cat","embeddable":true,"href":"https:\/\/www.lovecare.pl\/index.php\/wp-json\/wp\/v2\/product_cat?post=1122"},{"taxonomy":"product_tag","embeddable":true,"href":"https:\/\/www.lovecare.pl\/index.php\/wp-json\/wp\/v2\/product_tag?post=1122"}],"curies":[{"name":"wp","href":"https:\/\/api.w.org\/{rel}","templated":true}]}}