{"id":1136,"date":"2019-05-16T12:17:37","date_gmt":"2019-05-16T12:17:37","guid":{"rendered":"http:\/\/lovecaresl.cluster026.hosting.ovh.net\/lovecare_shop\/?post_type=product&#038;p=1136"},"modified":"2020-01-02T16:17:28","modified_gmt":"2020-01-02T16:17:28","slug":"czapeczka-kroliczek-jamiolkowo","status":"publish","type":"product","link":"https:\/\/www.lovecare.pl\/index.php\/product\/czapeczka-kroliczek-jamiolkowo\/","title":{"rendered":"CZAPECZKA &#8220;KR\u00d3LICZEK&#8221; Jamio\u0142kowo"},"content":{"rendered":"<p>Czapka handmade wykonana jest z dzianiny 92 % bawe\u0142na i 8% elastan. Czapka jest dost\u0119pna w kolorze serduszka z\u0142ote na ciemnym granacie.<\/p>\n<p>Rozmiar czapki na obw\u00f3d g\u0142owy oko\u0142o 44-46 cm (44 cm bez rozci\u0105gni\u0119cia).<\/p>\n<p>Wszystkie czapki wykonywane s\u0105 r\u0119cznie dlatego mog\u0105 si\u0119 one nieco r\u00f3\u017cni\u0107 od tych zamieszczonych na zdj\u0119ciach.<\/p>\n<p>Kolor produktu mo\u017ce si\u0119 troch\u0119 r\u00f3\u017cni\u0107, wynika to z r\u00f3\u017cnorodno\u015bci dost\u0119pnego sprz\u0119tu komputerowego oraz jego indywidualnych ustawie\u0144, a w szczeg\u00f3lno\u015bci ustawie\u0144 monitora i karty graficznej.<\/p>\n","protected":false},"excerpt":{"rendered":"<p>Czapka handmade wykonana jest z dzianiny 92 % bawe\u0142na i 8% elastan. Czapka jest dost\u0119pna w kolorze serduszka z\u0142ote na ciemnym granacie. Rozmiar czapki na obw\u00f3d g\u0142owy oko\u0142o 44-46 cm (44 cm bez rozci\u0105gni\u0119cia). Wszystkie czapki wykonywane s\u0105 r\u0119cznie dlatego mog\u0105 si\u0119 one nieco r\u00f3\u017cni\u0107 od tych zamieszczonych na zdj\u0119ciach. Kolor produktu mo\u017ce si\u0119 troch\u0119 [&hellip;]<\/p>\n","protected":false},"featured_media":1131,"template":"","meta":[],"product_cat":[84],"product_tag":[],"class_list":["post-1136","product","type-product","status-publish","has-post-thumbnail","hentry","product_cat-odziez-dla-dzieci"],"_links":{"self":[{"href":"https:\/\/www.lovecare.pl\/index.php\/wp-json\/wp\/v2\/product\/1136","targetHints":{"allow":["GET"]}}],"collection":[{"href":"https:\/\/www.lovecare.pl\/index.php\/wp-json\/wp\/v2\/product"}],"about":[{"href":"https:\/\/www.lovecare.pl\/index.php\/wp-json\/wp\/v2\/types\/product"}],"wp:featuredmedia":[{"embeddable":true,"href":"https:\/\/www.lovecare.pl\/index.php\/wp-json\/wp\/v2\/media\/1131"}],"wp:attachment":[{"href":"https:\/\/www.lovecare.pl\/index.php\/wp-json\/wp\/v2\/media?parent=1136"}],"wp:term":[{"taxonomy":"product_cat","embeddable":true,"href":"https:\/\/www.lovecare.pl\/index.php\/wp-json\/wp\/v2\/product_cat?post=1136"},{"taxonomy":"product_tag","embeddable":true,"href":"https:\/\/www.lovecare.pl\/index.php\/wp-json\/wp\/v2\/product_tag?post=1136"}],"curies":[{"name":"wp","href":"https:\/\/api.w.org\/{rel}","templated":true}]}}