{"id":1137,"date":"2019-05-16T12:43:53","date_gmt":"2019-05-16T12:43:53","guid":{"rendered":"http:\/\/lovecaresl.cluster026.hosting.ovh.net\/lovecare_shop\/?post_type=product&#038;p=1137"},"modified":"2020-01-02T16:36:15","modified_gmt":"2020-01-02T16:36:15","slug":"opaska-s-zestaw-panip","status":"publish","type":"product","link":"https:\/\/www.lovecare.pl\/index.php\/product\/opaska-s-zestaw-panip\/","title":{"rendered":"OPASKA &#8220;S&#8221; &#8211; ZESTAW PaniP"},"content":{"rendered":"<p>Kokardki firmy PaniP wykonane s\u0105 ze 100% bawe\u0142ny i umieszczone na bezuciskowej gumce, kt\u00f3ra ro\u015bnie razem z dzieckiem. Opaska pasuje na 30-60 cm obwodu g\u0142\u00f3wki dziecka dzi\u0119ki czemu idealnie sprawdzi si\u0119 zar\u00f3wno dla noworodka jak i dla starszaczka.<\/p>\n<p>Wszystkie opaski wykonywane s\u0105 r\u0119cznie dlatego mog\u0105 si\u0119 one nieco r\u00f3\u017cni\u0107 od tych zamieszczonych na zdj\u0119ciach. Dotyczy to szczeg\u00f3lnie kokardek robionych z wzorzystych materia\u0142\u00f3w- umiejscowienie kolor\u00f3w i wzor\u00f3w zale\u017cy od miejsca zwi\u0105zania kokardki<\/p>\n<p>.Kolor produktu mo\u017ce si\u0119 troch\u0119 r\u00f3\u017cni\u0107, wynika to z r\u00f3\u017cnorodno\u015bci dost\u0119pnego sprz\u0119tu komputerowego oraz jego indywidualnych ustawie\u0144, a w szczeg\u00f3lno\u015bci ustawie\u0144 monitora i karty graficznej.<\/p>\n","protected":false},"excerpt":{"rendered":"<p>Kokardki firmy PaniP wykonane s\u0105 ze 100% bawe\u0142ny i umieszczone na bezuciskowej gumce, kt\u00f3ra ro\u015bnie razem z dzieckiem. Opaska pasuje na 30-60 cm obwodu g\u0142\u00f3wki dziecka dzi\u0119ki czemu idealnie sprawdzi si\u0119 zar\u00f3wno dla noworodka jak i dla starszaczka. Wszystkie opaski wykonywane s\u0105 r\u0119cznie dlatego mog\u0105 si\u0119 one nieco r\u00f3\u017cni\u0107 od tych zamieszczonych na zdj\u0119ciach. Dotyczy [&hellip;]<\/p>\n","protected":false},"featured_media":1138,"template":"","meta":[],"product_cat":[84],"product_tag":[],"class_list":["post-1137","product","type-product","status-publish","has-post-thumbnail","hentry","product_cat-odziez-dla-dzieci"],"_links":{"self":[{"href":"https:\/\/www.lovecare.pl\/index.php\/wp-json\/wp\/v2\/product\/1137","targetHints":{"allow":["GET"]}}],"collection":[{"href":"https:\/\/www.lovecare.pl\/index.php\/wp-json\/wp\/v2\/product"}],"about":[{"href":"https:\/\/www.lovecare.pl\/index.php\/wp-json\/wp\/v2\/types\/product"}],"wp:featuredmedia":[{"embeddable":true,"href":"https:\/\/www.lovecare.pl\/index.php\/wp-json\/wp\/v2\/media\/1138"}],"wp:attachment":[{"href":"https:\/\/www.lovecare.pl\/index.php\/wp-json\/wp\/v2\/media?parent=1137"}],"wp:term":[{"taxonomy":"product_cat","embeddable":true,"href":"https:\/\/www.lovecare.pl\/index.php\/wp-json\/wp\/v2\/product_cat?post=1137"},{"taxonomy":"product_tag","embeddable":true,"href":"https:\/\/www.lovecare.pl\/index.php\/wp-json\/wp\/v2\/product_tag?post=1137"}],"curies":[{"name":"wp","href":"https:\/\/api.w.org\/{rel}","templated":true}]}}