{"id":20034,"date":"2021-08-07T07:55:21","date_gmt":"2021-08-07T07:55:21","guid":{"rendered":"http:\/\/www.lovecare.pl\/?post_type=product&#038;p=20034"},"modified":"2023-05-07T14:31:55","modified_gmt":"2023-05-07T14:31:55","slug":"szkola-rodzenia","status":"publish","type":"product","link":"https:\/\/www.lovecare.pl\/index.php\/product\/szkola-rodzenia\/","title":{"rendered":"Szko\u0142a Rodzenia"},"content":{"rendered":"<p>Uczestnictwo pary w cyklu zaj\u0119\u0107 Szko\u0142y Rodzenia.<br \/>\nWersja HYBRYDOWA 5 spotka\u0144 online (teoria) oraz 1 spotkanie stacjonarnie (praktyka).<br \/>\n13-15 h teorii oraz 3 h praktyki<\/p>\n<p>LoveCare Ewelina Dudek zastrzega sobie, \u017ce nale\u017cy najpierw zarezerwowa\u0107 miejsce poprzez wype\u0142nienie formularza online na stronie lub wykona\u0107 rezerwacje mailowo\/ telefonicznie.<\/p>\n","protected":false},"excerpt":{"rendered":"<p>Uczestnictwo pary w cyklu zaj\u0119\u0107 Szko\u0142y Rodzenia. Wersja HYBRYDOWA 5 spotka\u0144 online (teoria) oraz 1 spotkanie stacjonarnie (praktyka). 13-15 h teorii oraz 3 h praktyki LoveCare Ewelina Dudek zastrzega sobie, \u017ce nale\u017cy najpierw zarezerwowa\u0107 miejsce poprzez wype\u0142nienie formularza online na stronie lub wykona\u0107 rezerwacje mailowo\/ telefonicznie.<\/p>\n","protected":false},"featured_media":20049,"template":"","meta":[],"product_cat":[92],"product_tag":[],"class_list":["post-20034","product","type-product","status-publish","has-post-thumbnail","hentry","product_cat-szkolenia-i-konsultacje"],"_links":{"self":[{"href":"https:\/\/www.lovecare.pl\/index.php\/wp-json\/wp\/v2\/product\/20034","targetHints":{"allow":["GET"]}}],"collection":[{"href":"https:\/\/www.lovecare.pl\/index.php\/wp-json\/wp\/v2\/product"}],"about":[{"href":"https:\/\/www.lovecare.pl\/index.php\/wp-json\/wp\/v2\/types\/product"}],"wp:featuredmedia":[{"embeddable":true,"href":"https:\/\/www.lovecare.pl\/index.php\/wp-json\/wp\/v2\/media\/20049"}],"wp:attachment":[{"href":"https:\/\/www.lovecare.pl\/index.php\/wp-json\/wp\/v2\/media?parent=20034"}],"wp:term":[{"taxonomy":"product_cat","embeddable":true,"href":"https:\/\/www.lovecare.pl\/index.php\/wp-json\/wp\/v2\/product_cat?post=20034"},{"taxonomy":"product_tag","embeddable":true,"href":"https:\/\/www.lovecare.pl\/index.php\/wp-json\/wp\/v2\/product_tag?post=20034"}],"curies":[{"name":"wp","href":"https:\/\/api.w.org\/{rel}","templated":true}]}}