{"id":20035,"date":"2021-08-07T07:59:03","date_gmt":"2021-08-07T07:59:03","guid":{"rendered":"http:\/\/www.lovecare.pl\/?post_type=product&#038;p=20035"},"modified":"2024-06-15T18:02:06","modified_gmt":"2024-06-15T18:02:06","slug":"konsultacja-chustowania","status":"publish","type":"product","link":"https:\/\/www.lovecare.pl\/index.php\/product\/konsultacja-chustowania\/","title":{"rendered":"Konsultacja chustowania (2h)"},"content":{"rendered":"<p>Konsultacja nauki noszenia dziecka w chu\u015bcie (2 godziny) w domu klienta.<br \/>\nObejmuje nauk\u0119 jednego lub dw\u00f3ch wi\u0105za\u0144, podczas spotkania oferujemy chusty i lalk\u0119 do \u0107wicze\u0144.<br \/>\nSpotkanie prowadzi Dyplomowany Doradca Chustowania AND<br \/>\n(Dojazd liczymy od miejscowo\u015bci Karczew 05-480)<\/p>\n","protected":false},"excerpt":{"rendered":"<p>Konsultacja chustowania opis<\/p>\n","protected":false},"featured_media":20053,"template":"","meta":[],"product_cat":[92],"product_tag":[],"class_list":["post-20035","product","type-product","status-publish","has-post-thumbnail","hentry","product_cat-szkolenia-i-konsultacje"],"_links":{"self":[{"href":"https:\/\/www.lovecare.pl\/index.php\/wp-json\/wp\/v2\/product\/20035","targetHints":{"allow":["GET"]}}],"collection":[{"href":"https:\/\/www.lovecare.pl\/index.php\/wp-json\/wp\/v2\/product"}],"about":[{"href":"https:\/\/www.lovecare.pl\/index.php\/wp-json\/wp\/v2\/types\/product"}],"wp:featuredmedia":[{"embeddable":true,"href":"https:\/\/www.lovecare.pl\/index.php\/wp-json\/wp\/v2\/media\/20053"}],"wp:attachment":[{"href":"https:\/\/www.lovecare.pl\/index.php\/wp-json\/wp\/v2\/media?parent=20035"}],"wp:term":[{"taxonomy":"product_cat","embeddable":true,"href":"https:\/\/www.lovecare.pl\/index.php\/wp-json\/wp\/v2\/product_cat?post=20035"},{"taxonomy":"product_tag","embeddable":true,"href":"https:\/\/www.lovecare.pl\/index.php\/wp-json\/wp\/v2\/product_tag?post=20035"}],"curies":[{"name":"wp","href":"https:\/\/api.w.org\/{rel}","templated":true}]}}