{"id":20037,"date":"2021-08-07T08:00:29","date_gmt":"2021-08-07T08:00:29","guid":{"rendered":"http:\/\/www.lovecare.pl\/?post_type=product&#038;p=20037"},"modified":"2024-06-15T18:04:42","modified_gmt":"2024-06-15T18:04:42","slug":"konsultacja-masaz-shantala","status":"publish","type":"product","link":"https:\/\/www.lovecare.pl\/index.php\/product\/konsultacja-masaz-shantala\/","title":{"rendered":"Konsultacja masa\u017c Shantala"},"content":{"rendered":"<p>Godzinna nauka masa\u017cu Shantala w domu klienta.<br \/>\nSpotkanie prowadzi Certyfikowany Instruktor Masa\u017cu Shantala<\/p>\n<p>(Odleg\u0142o\u015b\u0107 liczona od miejscowo\u015bci Karczew 05-480)<\/p>\n","protected":false},"excerpt":{"rendered":"<p>Konsultacja masa\u017c Shantala opis<\/p>\n","protected":false},"featured_media":20112,"template":"","meta":[],"product_cat":[92],"product_tag":[],"class_list":["post-20037","product","type-product","status-publish","has-post-thumbnail","hentry","product_cat-szkolenia-i-konsultacje"],"_links":{"self":[{"href":"https:\/\/www.lovecare.pl\/index.php\/wp-json\/wp\/v2\/product\/20037","targetHints":{"allow":["GET"]}}],"collection":[{"href":"https:\/\/www.lovecare.pl\/index.php\/wp-json\/wp\/v2\/product"}],"about":[{"href":"https:\/\/www.lovecare.pl\/index.php\/wp-json\/wp\/v2\/types\/product"}],"wp:featuredmedia":[{"embeddable":true,"href":"https:\/\/www.lovecare.pl\/index.php\/wp-json\/wp\/v2\/media\/20112"}],"wp:attachment":[{"href":"https:\/\/www.lovecare.pl\/index.php\/wp-json\/wp\/v2\/media?parent=20037"}],"wp:term":[{"taxonomy":"product_cat","embeddable":true,"href":"https:\/\/www.lovecare.pl\/index.php\/wp-json\/wp\/v2\/product_cat?post=20037"},{"taxonomy":"product_tag","embeddable":true,"href":"https:\/\/www.lovecare.pl\/index.php\/wp-json\/wp\/v2\/product_tag?post=20037"}],"curies":[{"name":"wp","href":"https:\/\/api.w.org\/{rel}","templated":true}]}}