{"id":20113,"date":"2021-08-09T12:30:09","date_gmt":"2021-08-09T12:30:09","guid":{"rendered":"http:\/\/www.lovecare.pl\/?post_type=product&#038;p=20113"},"modified":"2021-12-04T16:21:31","modified_gmt":"2021-12-04T16:21:31","slug":"konsultacja-laktacyjna-online","status":"publish","type":"product","link":"https:\/\/www.lovecare.pl\/index.php\/product\/konsultacja-laktacyjna-online\/","title":{"rendered":"Konsultacja laktacyjna online"},"content":{"rendered":"<p>Konsultacja laktacyjna online trwaj\u0105ca oko\u0142o 1,5 godziny.<br \/>\nSpotkanie prowadzi Po\u0142o\u017cna i Certyfikowany Doradca Laktacyjny.<\/p>\n","protected":false},"excerpt":{"rendered":"<p>Konsultacja laktacyjna online trwaj\u0105ca oko\u0142o 1,5 godziny. Spotkanie prowadzi Po\u0142o\u017cna i Certyfikowany Doradca Laktacyjny.<\/p>\n","protected":false},"featured_media":20114,"template":"","meta":[],"product_cat":[92],"product_tag":[],"class_list":["post-20113","product","type-product","status-publish","has-post-thumbnail","hentry","product_cat-szkolenia-i-konsultacje"],"_links":{"self":[{"href":"https:\/\/www.lovecare.pl\/index.php\/wp-json\/wp\/v2\/product\/20113","targetHints":{"allow":["GET"]}}],"collection":[{"href":"https:\/\/www.lovecare.pl\/index.php\/wp-json\/wp\/v2\/product"}],"about":[{"href":"https:\/\/www.lovecare.pl\/index.php\/wp-json\/wp\/v2\/types\/product"}],"wp:featuredmedia":[{"embeddable":true,"href":"https:\/\/www.lovecare.pl\/index.php\/wp-json\/wp\/v2\/media\/20114"}],"wp:attachment":[{"href":"https:\/\/www.lovecare.pl\/index.php\/wp-json\/wp\/v2\/media?parent=20113"}],"wp:term":[{"taxonomy":"product_cat","embeddable":true,"href":"https:\/\/www.lovecare.pl\/index.php\/wp-json\/wp\/v2\/product_cat?post=20113"},{"taxonomy":"product_tag","embeddable":true,"href":"https:\/\/www.lovecare.pl\/index.php\/wp-json\/wp\/v2\/product_tag?post=20113"}],"curies":[{"name":"wp","href":"https:\/\/api.w.org\/{rel}","templated":true}]}}