{"id":20187,"date":"2022-08-01T09:53:57","date_gmt":"2022-08-01T09:53:57","guid":{"rendered":"http:\/\/www.lovecare.pl\/?post_type=product&#038;p=20187"},"modified":"2023-05-07T14:29:59","modified_gmt":"2023-05-07T14:29:59","slug":"kurs-pierwszej-pomocy-niemolat-35h","status":"publish","type":"product","link":"https:\/\/www.lovecare.pl\/index.php\/product\/kurs-pierwszej-pomocy-niemolat-35h\/","title":{"rendered":"Kurs pierwszej pomocy niemol\u0105t (3,5h)"},"content":{"rendered":"<p>Zaj\u0119cia prowadzone przez firm\u0119 Tw\u00f3jratownik.<\/p>\n<p>Program:<br \/>\n&#8211; uczestnicy dowiedz\u0105 sie jak skutecznie i szybko wezwac pomoc,<br \/>\n&#8211; sprawdza na ile % uciskaja klatke piersiowa i czy sa skuteczni (na fantomach niemowlecych z najnowsza aplikacja),<br \/>\n&#8211; dowiedza sie jak postepowac w sytuacji bezdechu i oparzenia,<br \/>\n&#8211; sprawdza swoja skutecznosc dzialan w przypadku zadlawienia u niemowlaka,<br \/>\n&#8211; poznaja wyposazenie domowej apteczki,<br \/>\n&#8211; dowiedz\u0105 si\u0119 jak przygotowa\u0107 pokoik na przyjscie maluszka.<\/p>\n<p>&nbsp;<\/p>\n<p><em><strong>Cena dotyczy pary !!!<\/strong><\/em><\/p>\n","protected":false},"excerpt":{"rendered":"<p>Zaj\u0119cia prowadzone przez firm\u0119 Tw\u00f3jratownik. Program: &#8211; uczestnicy dowiedz\u0105 sie jak skutecznie i szybko wezwac pomoc, &#8211; sprawdza na ile % uciskaja klatke piersiowa i czy sa skuteczni (na fantomach niemowlecych z najnowsza aplikacja), &#8211; dowiedza sie jak postepowac w sytuacji bezdechu i oparzenia, &#8211; sprawdza swoja skutecznosc dzialan w przypadku zadlawienia u niemowlaka, &#8211; [&hellip;]<\/p>\n","protected":false},"featured_media":20188,"template":"","meta":[],"product_cat":[77,92],"product_tag":[],"class_list":["post-20187","product","type-product","status-publish","has-post-thumbnail","hentry","product_cat-bez-kategorii","product_cat-szkolenia-i-konsultacje"],"_links":{"self":[{"href":"https:\/\/www.lovecare.pl\/index.php\/wp-json\/wp\/v2\/product\/20187","targetHints":{"allow":["GET"]}}],"collection":[{"href":"https:\/\/www.lovecare.pl\/index.php\/wp-json\/wp\/v2\/product"}],"about":[{"href":"https:\/\/www.lovecare.pl\/index.php\/wp-json\/wp\/v2\/types\/product"}],"wp:featuredmedia":[{"embeddable":true,"href":"https:\/\/www.lovecare.pl\/index.php\/wp-json\/wp\/v2\/media\/20188"}],"wp:attachment":[{"href":"https:\/\/www.lovecare.pl\/index.php\/wp-json\/wp\/v2\/media?parent=20187"}],"wp:term":[{"taxonomy":"product_cat","embeddable":true,"href":"https:\/\/www.lovecare.pl\/index.php\/wp-json\/wp\/v2\/product_cat?post=20187"},{"taxonomy":"product_tag","embeddable":true,"href":"https:\/\/www.lovecare.pl\/index.php\/wp-json\/wp\/v2\/product_tag?post=20187"}],"curies":[{"name":"wp","href":"https:\/\/api.w.org\/{rel}","templated":true}]}}