{"id":2149,"date":"2019-11-27T12:20:15","date_gmt":"2019-11-27T12:20:15","guid":{"rendered":"http:\/\/www.lovecare.pl\/?post_type=product&#038;p=2149"},"modified":"2023-01-21T19:59:28","modified_gmt":"2023-01-21T19:59:28","slug":"kawka-bocianek","status":"publish","type":"product","link":"https:\/\/www.lovecare.pl\/index.php\/product\/kawka-bocianek\/","title":{"rendered":"KAWKA BOCIANEK"},"content":{"rendered":"<pre>Kawka Bocianek \u2013 mieszanka sk\u0142adnik\u00f3w naturalnych, przygotowana dla matek karmi\u0105cych naturalnie \u2013 suplement diety<\/pre>\n<p>Naturalna Kawka Bocianek zosta\u0142a stworzona z my\u015bl\u0105 o matkach karmi\u0105cych naturalnie \u2013 to suplement diety bazuj\u0105cy na starannie wyselekcjonowanych sk\u0142adnikach, sposobem przygotowania przypominaj\u0105cy zaparzanie kawy. W pe\u0142ni naturalny i bogaty sk\u0142ad, szczeg\u00f3lnie polecany matkom, kt\u00f3re ze wzgl\u0119du na karmienie naturalne zrezygnowa\u0142y z picia prawdziwej kawy.<\/p>\n<p>&nbsp;<\/p>\n<p>Kawa Bocianek ma posta\u0107 drobno zmielonych, cz\u0119\u015bciowo pra\u017conych sk\u0142adnik\u00f3w. Korze\u0144 marchwi, s\u0142\u00f3d j\u0119czmienny, nasiona lnu, li\u015bcie babki brodawkowatej, owoce any\u017cu, nasiona rze\u017cuchy i owoce czarnej porzeczki dostarczaj\u0105 wiele warto\u015bciowych mikro i makro element\u00f3w. Kawk\u0119 zaparza si\u0119 podobnie jak zwyk\u0142\u0105 kaw\u0119, jej sk\u0142adniki szybko opadaj\u0105 na dno daj\u0105c zielonkawo-br\u0105zowy napar. Oczywi\u015bcie nie zawiera kofeiny, dlatego mo\u017ce by\u0107 bezpiecznie stosowana przez matki karmi\u0105ce naturalnie.<\/p>\n<p>&nbsp;<\/p>\n<p>Kawa Bocianek nie jest typow\u0105 mieszank\u0105 laktacyjn\u0105, bo ma znacznie szersze dzia\u0142anie ni\u017c wi\u0119kszo\u015b\u0107 konkurencyjnych produkt\u00f3w dost\u0119pnych na rynku. Opieraj\u0105c si\u0119 na tradycyjnej wiedzy na temat naturalnych jej sk\u0142adnik\u00f3w mo\u017cemy oczekiwa\u0107 na:<\/p>\n<p>&nbsp;<\/p>\n<ul>\n<li>\u00a0\u00a0\u00a0\u00a0\u00a0\u00a0\u00a0\u00a0\u00a0<em>dzia\u0142anie mlekop\u0119dne \u2013\u00a0<\/em><em>marchew, s\u0142\u00f3d j\u0119czmienny, rze\u017cucha<\/em>,\u00a0any\u017c,<\/li>\n<li>\u00a0\u00a0\u00a0\u00a0\u00a0\u00a0\u00a0\u00a0\u00a0<em>u\u0142atwienie trawienia &#8211;\u00a0<\/em><em>len,\u00a0any\u017c,<\/em><\/li>\n<li>\u00a0\u00a0\u00a0\u00a0\u00a0\u00a0\u00a0\u00a0\u00a0<em>dostarczenie witamin i mikroelement\u00f3w \u2013\u00a0<\/em><em>czarna porzeczka, brzoza brodawkowata<\/em><\/li>\n<\/ul>\n<p>&nbsp;<\/p>\n<p>Kawa Bocianek &#8211; jej sk\u0142ad zosta\u0142 opracowany na bazie tradycyjnej wiedzy o zio\u0142ach, a tak\u017ce najnowszych wynik\u00f3w bada\u0144 naukowych. Bezpiecze\u0144stwo stosowania Kawki Bocianek zosta\u0142o potwierdzone stosownymi badaniami.<\/p>\n<p>&nbsp;<\/p>\n<p>Kawka Bocianek zgodnie z zaleceniami EMA (European Medicines Agency)\u00a0 nie zawiera kopru w\u0142oskiego.<\/p>\n<p>&nbsp;<\/p>\n<p>Kawka Bocianek \u2013 sk\u0142ad:<br \/>\npra\u017cony korze\u0144 marchwi\u00a0<em>(Daucus carota)<\/em>\u00a040%; s\u0142\u00f3d j\u0119czmienny\u00a0\u00a0\u00a0<em>(Hordeum vulgare)<\/em>\u00a015%; nasiona rze\u017cuchy\u00a0<em>(Lepidium sativum L.)<\/em>\u00a010%; pra\u017cone nasiona lnu\u00a0<em>(Linum usitatissimum)<\/em>\u00a010%; owoc any\u017cu\u00a0<em>(Pimpinella anisum(Anisum vulgare)<\/em>\u00a010%; li\u015bcie brzozy brodawkowatej\u00a0<em>(Betula pendula)<\/em>\u00a010%; owoc czarnej porzeczki (wyt\u0142oka)\u00a0<em>(Ribes nigrum fruticosus)<\/em>\u00a05%;<\/p>\n","protected":false},"excerpt":{"rendered":"<p>Kawka Bocianek \u2013 mieszanka sk\u0142adnik\u00f3w naturalnych, przygotowana dla matek karmi\u0105cych naturalnie \u2013 suplement diety Naturalna Kawka Bocianek zosta\u0142a stworzona z my\u015bl\u0105 o matkach karmi\u0105cych naturalnie \u2013 to suplement diety bazuj\u0105cy na starannie wyselekcjonowanych sk\u0142adnikach, sposobem przygotowania przypominaj\u0105cy zaparzanie kawy. W pe\u0142ni naturalny i bogaty sk\u0142ad, szczeg\u00f3lnie polecany matkom, kt\u00f3re ze wzgl\u0119du na karmienie naturalne zrezygnowa\u0142y [&hellip;]<\/p>\n","protected":false},"featured_media":2150,"template":"","meta":[],"product_cat":[83],"product_tag":[],"class_list":["post-2149","product","type-product","status-publish","has-post-thumbnail","hentry","product_cat-karmienie-piersia"],"_links":{"self":[{"href":"https:\/\/www.lovecare.pl\/index.php\/wp-json\/wp\/v2\/product\/2149","targetHints":{"allow":["GET"]}}],"collection":[{"href":"https:\/\/www.lovecare.pl\/index.php\/wp-json\/wp\/v2\/product"}],"about":[{"href":"https:\/\/www.lovecare.pl\/index.php\/wp-json\/wp\/v2\/types\/product"}],"wp:featuredmedia":[{"embeddable":true,"href":"https:\/\/www.lovecare.pl\/index.php\/wp-json\/wp\/v2\/media\/2150"}],"wp:attachment":[{"href":"https:\/\/www.lovecare.pl\/index.php\/wp-json\/wp\/v2\/media?parent=2149"}],"wp:term":[{"taxonomy":"product_cat","embeddable":true,"href":"https:\/\/www.lovecare.pl\/index.php\/wp-json\/wp\/v2\/product_cat?post=2149"},{"taxonomy":"product_tag","embeddable":true,"href":"https:\/\/www.lovecare.pl\/index.php\/wp-json\/wp\/v2\/product_tag?post=2149"}],"curies":[{"name":"wp","href":"https:\/\/api.w.org\/{rel}","templated":true}]}}